{"id":2381,"date":"2024-11-19T11:45:36","date_gmt":"2024-11-19T11:45:36","guid":{"rendered":"https:\/\/cpgroup.pt\/?page_id=2381"},"modified":"2024-11-19T12:06:22","modified_gmt":"2024-11-19T12:06:22","slug":"cp-logistics","status":"publish","type":"page","link":"https:\/\/cpgroup.pt\/fr\/cp-logistics\/","title":{"rendered":"CP DE LA LOGISTIQUE"},"content":{"rendered":"<div data-elementor-type=\"wp-page\" data-elementor-id=\"2381\" class=\"elementor elementor-2381\" data-elementor-post-type=\"page\">\n\t\t\t\t\t\t<section class=\"elementor-section elementor-top-section elementor-element elementor-element-374290a0 elementor-section-boxed elementor-section-height-default elementor-section-height-default\" data-id=\"374290a0\" data-element_type=\"section\" data-settings=\"{&quot;background_background&quot;:&quot;classic&quot;}\">\n\t\t\t\t\t\t\t<div class=\"elementor-background-overlay\"><\/div>\n\t\t\t\t\t\t\t<div class=\"elementor-container elementor-column-gap-no\">\n\t\t\t\t\t<div class=\"elementor-column elementor-col-66 elementor-top-column elementor-element elementor-element-56281242 elementor-invisible\" data-id=\"56281242\" data-element_type=\"column\" data-settings=\"{&quot;animation&quot;:&quot;fadeInUp&quot;}\">\n\t\t\t<div class=\"elementor-widget-wrap elementor-element-populated\">\n\t\t\t\t\t\t<div class=\"elementor-element elementor-element-17f2796d elementor-widget elementor-widget-heading\" data-id=\"17f2796d\" data-element_type=\"widget\" data-widget_type=\"heading.default\">\n\t\t\t\t<div class=\"elementor-widget-container\">\n\t\t\t\t\t<h1 class=\"elementor-heading-title elementor-size-default\">CP DE LA LOGISTIQUE<\/h1>\t\t\t\t<\/div>\n\t\t\t\t<\/div>\n\t\t\t\t<div class=\"elementor-element elementor-element-a95d065 elementor-mobile-align-center elementor-icon-list--layout-traditional elementor-list-item-link-full_width elementor-widget elementor-widget-icon-list\" data-id=\"a95d065\" data-element_type=\"widget\" data-widget_type=\"icon-list.default\">\n\t\t\t\t<div class=\"elementor-widget-container\">\n\t\t\t\t\t\t\t<ul class=\"elementor-icon-list-items\">\n\t\t\t\t\t\t\t<li class=\"elementor-icon-list-item\">\n\t\t\t\t\t\t\t\t\t\t<span class=\"elementor-icon-list-text\">Solu\u00e7\u00f5es de mobilidade eficientes<\/span>\n\t\t\t\t\t\t\t\t\t<\/li>\n\t\t\t\t\t\t<\/ul>\n\t\t\t\t\t\t<\/div>\n\t\t\t\t<\/div>\n\t\t\t\t\t<\/div>\n\t\t<\/div>\n\t\t\t\t<div class=\"elementor-column elementor-col-33 elementor-top-column elementor-element elementor-element-40973aae elementor-invisible\" data-id=\"40973aae\" data-element_type=\"column\" data-settings=\"{&quot;animation&quot;:&quot;fadeInUp&quot;,&quot;background_background&quot;:&quot;classic&quot;}\">\n\t\t\t<div class=\"elementor-widget-wrap elementor-element-populated\">\n\t\t\t\t\t\t<div class=\"elementor-element elementor-element-3fba743c elementor-widget elementor-widget-text-editor\" data-id=\"3fba743c\" data-element_type=\"widget\" data-widget_type=\"text-editor.default\">\n\t\t\t\t<div class=\"elementor-widget-container\">\n\t\t\t\t\t\t\t\t\t<p>Precisa de aconselhamento?<br \/>Ligue sem compromisso!<\/p>\t\t\t\t\t\t\t\t<\/div>\n\t\t\t\t<\/div>\n\t\t\t\t<div class=\"elementor-element elementor-element-2fffe7db elementor-widget elementor-widget-text-editor\" data-id=\"2fffe7db\" data-element_type=\"widget\" data-widget_type=\"text-editor.default\">\n\t\t\t\t<div class=\"elementor-widget-container\">\n\t\t\t\t\t\t\t\t\t<p><strong>Fale Connosco!<\/strong><\/p>\t\t\t\t\t\t\t\t<\/div>\n\t\t\t\t<\/div>\n\t\t\t\t<div class=\"elementor-element elementor-element-6b6fecf3 elementor-align-center cool_ctn elementor-widget elementor-widget-button\" data-id=\"6b6fecf3\" data-element_type=\"widget\" data-widget_type=\"button.default\">\n\t\t\t\t<div class=\"elementor-widget-container\">\n\t\t\t\t\t\t\t\t\t<div class=\"elementor-button-wrapper\">\n\t\t\t\t\t<a class=\"elementor-button elementor-size-xl\" role=\"button\">\n\t\t\t\t\t\t<span class=\"elementor-button-content-wrapper\">\n\t\t\t\t\t\t<span class=\"elementor-button-icon\">\n\t\t\t\t<i aria-hidden=\"true\" class=\"fas fa-phone\"><\/i>\t\t\t<\/span>\n\t\t\t\t\t\t\t\t\t<span class=\"elementor-button-text\">211 21 211<\/span>\n\t\t\t\t\t<\/span>\n\t\t\t\t\t<\/a>\n\t\t\t\t<\/div>\n\t\t\t\t\t\t\t\t<\/div>\n\t\t\t\t<\/div>\n\t\t\t\t\t<\/div>\n\t\t<\/div>\n\t\t\t\t\t<\/div>\n\t\t<\/section>\n\t\t\t\t<section class=\"elementor-section elementor-top-section elementor-element elementor-element-4906f40b elementor-section-boxed elementor-section-height-default elementor-section-height-default\" data-id=\"4906f40b\" data-element_type=\"section\" data-settings=\"{&quot;background_background&quot;:&quot;classic&quot;}\">\n\t\t\t\t\t\t<div class=\"elementor-container elementor-column-gap-no\">\n\t\t\t\t\t<div class=\"elementor-column elementor-col-50 elementor-top-column elementor-element elementor-element-697fc35d elementor-invisible\" data-id=\"697fc35d\" data-element_type=\"column\" data-settings=\"{&quot;background_background&quot;:&quot;classic&quot;,&quot;animation&quot;:&quot;fadeInRight&quot;}\">\n\t\t\t<div class=\"elementor-widget-wrap elementor-element-populated\">\n\t\t\t\t\t\t<div class=\"elementor-element elementor-element-162e1cd7 elementor-widget elementor-widget-image\" data-id=\"162e1cd7\" data-element_type=\"widget\" data-widget_type=\"image.default\">\n\t\t\t\t<div class=\"elementor-widget-container\">\n\t\t\t\t\t\t\t\t\t\t\t\t\t\t\t<img fetchpriority=\"high\" decoding=\"async\" width=\"1000\" height=\"1500\" src=\"https:\/\/cpgroup.pt\/wp-content\/uploads\/2024\/11\/81306.jpg\" class=\"attachment-full size-full wp-image-2385\" alt=\"\" srcset=\"https:\/\/cpgroup.pt\/wp-content\/uploads\/2024\/11\/81306.jpg 1000w, https:\/\/cpgroup.pt\/wp-content\/uploads\/2024\/11\/81306-200x300.jpg 200w, https:\/\/cpgroup.pt\/wp-content\/uploads\/2024\/11\/81306-683x1024.jpg 683w, https:\/\/cpgroup.pt\/wp-content\/uploads\/2024\/11\/81306-768x1152.jpg 768w\" sizes=\"(max-width: 1000px) 100vw, 1000px\" \/>\t\t\t\t\t\t\t\t\t\t\t\t\t\t\t<\/div>\n\t\t\t\t<\/div>\n\t\t\t\t\t<\/div>\n\t\t<\/div>\n\t\t\t\t<div class=\"elementor-column elementor-col-50 elementor-top-column elementor-element elementor-element-68d8fa94 elementor-invisible\" data-id=\"68d8fa94\" data-element_type=\"column\" data-settings=\"{&quot;background_background&quot;:&quot;classic&quot;,&quot;animation&quot;:&quot;fadeInRight&quot;}\">\n\t\t\t<div class=\"elementor-widget-wrap elementor-element-populated\">\n\t\t\t\t\t\t<div class=\"elementor-element elementor-element-9c7e081 elementor-widget elementor-widget-heading\" data-id=\"9c7e081\" data-element_type=\"widget\" data-widget_type=\"heading.default\">\n\t\t\t\t<div class=\"elementor-widget-container\">\n\t\t\t\t\t<h1 class=\"elementor-heading-title elementor-size-default\"> <i class=\"fas fa-square-full\"> <\/i>  CP DE LA LOGISTIQUE<\/h1>\t\t\t\t<\/div>\n\t\t\t\t<\/div>\n\t\t\t\t<div class=\"elementor-element elementor-element-45e08dae elementor-widget elementor-widget-heading\" data-id=\"45e08dae\" data-element_type=\"widget\" data-widget_type=\"heading.default\">\n\t\t\t\t<div class=\"elementor-widget-container\">\n\t\t\t\t\t<h1 class=\"elementor-heading-title elementor-size-default\">Inovadora prestadora de servi\u00e7o<\/h1>\t\t\t\t<\/div>\n\t\t\t\t<\/div>\n\t\t\t\t<div class=\"elementor-element elementor-element-3c63fe80 elementor-widget elementor-widget-text-editor\" data-id=\"3c63fe80\" data-element_type=\"widget\" data-widget_type=\"text-editor.default\">\n\t\t\t\t<div class=\"elementor-widget-container\">\n\t\t\t\t\t\t\t\t\t<p>Na \u00e1rea de transporte urbano, dedicada a oferecer solu\u00e7\u00f5es de mobilidade eficientes, seguras e pr\u00e1ticas aos nossos clientes. Com uma frota de ve\u00edculos modernos e motoristas treinados, garantimos uma experi\u00eancia de viagem confort\u00e1vel e pontual. A nossa miss\u00e3o \u00e9 facilitar a locomo\u00e7\u00e3o dentro das cidades e ligar pessoas a destinos variados, seja para trabalho, lazer ou compromissos pessoais.<\/p><p>\u00a0<\/p>\t\t\t\t\t\t\t\t<\/div>\n\t\t\t\t<\/div>\n\t\t\t\t<div class=\"elementor-element elementor-element-fa42486 elementor-widget elementor-widget-text-editor\" data-id=\"fa42486\" data-element_type=\"widget\" data-widget_type=\"text-editor.default\">\n\t\t\t\t<div class=\"elementor-widget-container\">\n\t\t\t\t\t\t\t\t\t<p>Temos um compromisso com a qualidade e a satisfa\u00e7\u00e3o do cliente o que nos diferencia no mercado. Somos tambem operadores de TVDE e utilizamos plataformas com tecnologia de ponta para otimizar as opera\u00e7\u00f5es e proporcionar uma experi\u00eancia intuitiva, onde os usu\u00e1rios podem solicitar corridas de maneira simples e r\u00e1pida. Al\u00e9m disso, estamos comprometidos com a sustentabilidade, implementando pr\u00e1ticas que visam a redu\u00e7\u00e3o da pegada de carbono.<\/p>\t\t\t\t\t\t\t\t<\/div>\n\t\t\t\t<\/div>\n\t\t\t\t<div class=\"elementor-element elementor-element-013bca2 elementor-widget elementor-widget-text-editor\" data-id=\"013bca2\" data-element_type=\"widget\" data-widget_type=\"text-editor.default\">\n\t\t\t\t<div class=\"elementor-widget-container\">\n\t\t\t\t\t\t\t\t\t<p>\u00a0Na CP Logistics, cada viagem n\u00e3o \u00e9 apenas uma desloca\u00e7\u00e3o, mas tamb\u00e9m uma oportunidade de construir uma uni\u00e3o e promover a mobilidade urbana respons\u00e1vel.<\/p>\t\t\t\t\t\t\t\t<\/div>\n\t\t\t\t<\/div>\n\t\t\t\t\t<\/div>\n\t\t<\/div>\n\t\t\t\t\t<\/div>\n\t\t<\/section>\n\t\t\t\t<\/div>","protected":false},"excerpt":{"rendered":"<p>CP LOGISTICS Solu\u00e7\u00f5es de mobilidade eficientes Precisa de aconselhamento?Ligue sem compromisso! Fale Connosco! 211 21 211 CP LOGISTICS Inovadora prestadora de servi\u00e7o Na \u00e1rea de transporte urbano, dedicada a oferecer solu\u00e7\u00f5es de mobilidade eficientes, seguras e pr\u00e1ticas aos nossos clientes. Com uma frota de ve\u00edculos modernos e motoristas treinados, garantimos uma experi\u00eancia de viagem confort\u00e1vel [&hellip;]<\/p>","protected":false},"author":1,"featured_media":0,"parent":0,"menu_order":0,"comment_status":"closed","ping_status":"closed","template":"elementor_header_footer","meta":{"footnotes":""},"class_list":["post-2381","page","type-page","status-publish","hentry"],"yoast_head":"<!-- This site is optimized with the Yoast SEO plugin v24.5 - https:\/\/yoast.com\/wordpress\/plugins\/seo\/ -->\n<title>CP LOGISTICS - Cp Group<\/title>\n<meta name=\"robots\" content=\"index, follow, max-snippet:-1, max-image-preview:large, max-video-preview:-1\" \/>\n<link rel=\"canonical\" href=\"https:\/\/cpgroup.pt\/fr\/cp-logistics\/\" \/>\n<meta property=\"og:locale\" content=\"fr_FR\" \/>\n<meta property=\"og:type\" content=\"article\" \/>\n<meta property=\"og:title\" content=\"CP LOGISTICS - Cp Group\" \/>\n<meta property=\"og:description\" content=\"CP LOGISTICS Solu\u00e7\u00f5es de mobilidade eficientes Precisa de aconselhamento?Ligue sem compromisso! Fale Connosco! 211 21 211 CP LOGISTICS Inovadora prestadora de servi\u00e7o Na \u00e1rea de transporte urbano, dedicada a oferecer solu\u00e7\u00f5es de mobilidade eficientes, seguras e pr\u00e1ticas aos nossos clientes. Com uma frota de ve\u00edculos modernos e motoristas treinados, garantimos uma experi\u00eancia de viagem confort\u00e1vel [&hellip;]\" \/>\n<meta property=\"og:url\" content=\"https:\/\/cpgroup.pt\/fr\/cp-logistics\/\" \/>\n<meta property=\"og:site_name\" content=\"Cp Group\" \/>\n<meta property=\"article:modified_time\" content=\"2024-11-19T12:06:22+00:00\" \/>\n<meta property=\"og:image\" content=\"https:\/\/cpgroup.pt\/wp-content\/uploads\/2024\/11\/81306.jpg\" \/>\n\t<meta property=\"og:image:width\" content=\"1000\" \/>\n\t<meta property=\"og:image:height\" content=\"1500\" \/>\n\t<meta property=\"og:image:type\" content=\"image\/jpeg\" \/>\n<meta name=\"twitter:card\" content=\"summary_large_image\" \/>\n<meta name=\"twitter:label1\" content=\"Dur\u00e9e de lecture estim\u00e9e\" \/>\n\t<meta name=\"twitter:data1\" content=\"1 minute\" \/>\n<script type=\"application\/ld+json\" class=\"yoast-schema-graph\">{\"@context\":\"https:\/\/schema.org\",\"@graph\":[{\"@type\":\"WebPage\",\"@id\":\"https:\/\/cpgroup.pt\/cp-logistics\/\",\"url\":\"https:\/\/cpgroup.pt\/cp-logistics\/\",\"name\":\"CP LOGISTICS - Cp Group\",\"isPartOf\":{\"@id\":\"https:\/\/cpgroup.pt\/#website\"},\"primaryImageOfPage\":{\"@id\":\"https:\/\/cpgroup.pt\/cp-logistics\/#primaryimage\"},\"image\":{\"@id\":\"https:\/\/cpgroup.pt\/cp-logistics\/#primaryimage\"},\"thumbnailUrl\":\"https:\/\/cpgroup.pt\/wp-content\/uploads\/2024\/11\/81306.jpg\",\"datePublished\":\"2024-11-19T11:45:36+00:00\",\"dateModified\":\"2024-11-19T12:06:22+00:00\",\"breadcrumb\":{\"@id\":\"https:\/\/cpgroup.pt\/cp-logistics\/#breadcrumb\"},\"inLanguage\":\"fr-FR\",\"potentialAction\":[{\"@type\":\"ReadAction\",\"target\":[\"https:\/\/cpgroup.pt\/cp-logistics\/\"]}]},{\"@type\":\"ImageObject\",\"inLanguage\":\"fr-FR\",\"@id\":\"https:\/\/cpgroup.pt\/cp-logistics\/#primaryimage\",\"url\":\"https:\/\/cpgroup.pt\/wp-content\/uploads\/2024\/11\/81306.jpg\",\"contentUrl\":\"https:\/\/cpgroup.pt\/wp-content\/uploads\/2024\/11\/81306.jpg\"},{\"@type\":\"BreadcrumbList\",\"@id\":\"https:\/\/cpgroup.pt\/cp-logistics\/#breadcrumb\",\"itemListElement\":[{\"@type\":\"ListItem\",\"position\":1,\"name\":\"In\u00edcio\",\"item\":\"https:\/\/cpgroup.pt\/\"},{\"@type\":\"ListItem\",\"position\":2,\"name\":\"CP LOGISTICS\"}]},{\"@type\":\"WebSite\",\"@id\":\"https:\/\/cpgroup.pt\/#website\",\"url\":\"https:\/\/cpgroup.pt\/\",\"name\":\"Cp Group\",\"description\":\"Cp Group\",\"potentialAction\":[{\"@type\":\"SearchAction\",\"target\":{\"@type\":\"EntryPoint\",\"urlTemplate\":\"https:\/\/cpgroup.pt\/?s={search_term_string}\"},\"query-input\":{\"@type\":\"PropertyValueSpecification\",\"valueRequired\":true,\"valueName\":\"search_term_string\"}}],\"inLanguage\":\"fr-FR\"}]}<\/script>\n<!-- \/ Yoast SEO plugin. -->","yoast_head_json":{"title":"CP LOGISTICS - Cp Group","robots":{"index":"index","follow":"follow","max-snippet":"max-snippet:-1","max-image-preview":"max-image-preview:large","max-video-preview":"max-video-preview:-1"},"canonical":"https:\/\/cpgroup.pt\/fr\/cp-logistics\/","og_locale":"fr_FR","og_type":"article","og_title":"CP LOGISTICS - Cp Group","og_description":"CP LOGISTICS Solu\u00e7\u00f5es de mobilidade eficientes Precisa de aconselhamento?Ligue sem compromisso! Fale Connosco! 211 21 211 CP LOGISTICS Inovadora prestadora de servi\u00e7o Na \u00e1rea de transporte urbano, dedicada a oferecer solu\u00e7\u00f5es de mobilidade eficientes, seguras e pr\u00e1ticas aos nossos clientes. Com uma frota de ve\u00edculos modernos e motoristas treinados, garantimos uma experi\u00eancia de viagem confort\u00e1vel [&hellip;]","og_url":"https:\/\/cpgroup.pt\/fr\/cp-logistics\/","og_site_name":"Cp Group","article_modified_time":"2024-11-19T12:06:22+00:00","og_image":[{"width":1000,"height":1500,"url":"https:\/\/cpgroup.pt\/wp-content\/uploads\/2024\/11\/81306.jpg","type":"image\/jpeg"}],"twitter_card":"summary_large_image","twitter_misc":{"Dur\u00e9e de lecture estim\u00e9e":"1 minute"},"schema":{"@context":"https:\/\/schema.org","@graph":[{"@type":"WebPage","@id":"https:\/\/cpgroup.pt\/cp-logistics\/","url":"https:\/\/cpgroup.pt\/cp-logistics\/","name":"CP LOGISTICS - Cp Group","isPartOf":{"@id":"https:\/\/cpgroup.pt\/#website"},"primaryImageOfPage":{"@id":"https:\/\/cpgroup.pt\/cp-logistics\/#primaryimage"},"image":{"@id":"https:\/\/cpgroup.pt\/cp-logistics\/#primaryimage"},"thumbnailUrl":"https:\/\/cpgroup.pt\/wp-content\/uploads\/2024\/11\/81306.jpg","datePublished":"2024-11-19T11:45:36+00:00","dateModified":"2024-11-19T12:06:22+00:00","breadcrumb":{"@id":"https:\/\/cpgroup.pt\/cp-logistics\/#breadcrumb"},"inLanguage":"fr-FR","potentialAction":[{"@type":"ReadAction","target":["https:\/\/cpgroup.pt\/cp-logistics\/"]}]},{"@type":"ImageObject","inLanguage":"fr-FR","@id":"https:\/\/cpgroup.pt\/cp-logistics\/#primaryimage","url":"https:\/\/cpgroup.pt\/wp-content\/uploads\/2024\/11\/81306.jpg","contentUrl":"https:\/\/cpgroup.pt\/wp-content\/uploads\/2024\/11\/81306.jpg"},{"@type":"BreadcrumbList","@id":"https:\/\/cpgroup.pt\/cp-logistics\/#breadcrumb","itemListElement":[{"@type":"ListItem","position":1,"name":"In\u00edcio","item":"https:\/\/cpgroup.pt\/"},{"@type":"ListItem","position":2,"name":"CP LOGISTICS"}]},{"@type":"WebSite","@id":"https:\/\/cpgroup.pt\/#website","url":"https:\/\/cpgroup.pt\/","name":"Cp Group","description":"Cp Group","potentialAction":[{"@type":"SearchAction","target":{"@type":"EntryPoint","urlTemplate":"https:\/\/cpgroup.pt\/?s={search_term_string}"},"query-input":{"@type":"PropertyValueSpecification","valueRequired":true,"valueName":"search_term_string"}}],"inLanguage":"fr-FR"}]}},"_links":{"self":[{"href":"https:\/\/cpgroup.pt\/fr\/wp-json\/wp\/v2\/pages\/2381","targetHints":{"allow":["GET"]}}],"collection":[{"href":"https:\/\/cpgroup.pt\/fr\/wp-json\/wp\/v2\/pages"}],"about":[{"href":"https:\/\/cpgroup.pt\/fr\/wp-json\/wp\/v2\/types\/page"}],"author":[{"embeddable":true,"href":"https:\/\/cpgroup.pt\/fr\/wp-json\/wp\/v2\/users\/1"}],"replies":[{"embeddable":true,"href":"https:\/\/cpgroup.pt\/fr\/wp-json\/wp\/v2\/comments?post=2381"}],"version-history":[{"count":13,"href":"https:\/\/cpgroup.pt\/fr\/wp-json\/wp\/v2\/pages\/2381\/revisions"}],"predecessor-version":[{"id":2397,"href":"https:\/\/cpgroup.pt\/fr\/wp-json\/wp\/v2\/pages\/2381\/revisions\/2397"}],"wp:attachment":[{"href":"https:\/\/cpgroup.pt\/fr\/wp-json\/wp\/v2\/media?parent=2381"}],"curies":[{"name":"wp","href":"https:\/\/api.w.org\/{rel}","templated":true}]}}