{"id":380,"date":"2023-07-09T16:02:16","date_gmt":"2023-07-09T16:02:16","guid":{"rendered":"https:\/\/cpgroup.pt\/inicio-2\/"},"modified":"2025-03-03T17:08:23","modified_gmt":"2025-03-03T17:08:23","slug":"inicio-2","status":"publish","type":"page","link":"https:\/\/cpgroup.pt\/en\/","title":{"rendered":"Home"},"content":{"rendered":"<div data-elementor-type=\"wp-page\" data-elementor-id=\"380\" class=\"elementor elementor-380\" data-elementor-post-type=\"page\">\n\t\t\t\t\t\t<section class=\"elementor-section elementor-top-section elementor-element elementor-element-599b7bfb elementor-section-height-min-height elementor-section-boxed elementor-section-height-default elementor-section-items-middle\" data-id=\"599b7bfb\" data-element_type=\"section\" data-settings=\"{&quot;background_background&quot;:&quot;slideshow&quot;,&quot;background_slideshow_gallery&quot;:[{&quot;id&quot;:2293,&quot;url&quot;:&quot;https:\\\/\\\/cpgroup.pt\\\/wp-content\\\/uploads\\\/2024\\\/11\\\/business-man-working-office-desktop-1.jpg&quot;},{&quot;id&quot;:2292,&quot;url&quot;:&quot;https:\\\/\\\/cpgroup.pt\\\/wp-content\\\/uploads\\\/2024\\\/11\\\/funds-result-balance-screen-seminar-female-1.jpg&quot;},{&quot;id&quot;:2291,&quot;url&quot;:&quot;https:\\\/\\\/cpgroup.pt\\\/wp-content\\\/uploads\\\/2024\\\/11\\\/business-man-financial-inspector-secretary-making-report-calculating-checking-balance-internal-revenue-service-inspector-checking-document-audit-concept-2-1.jpg&quot;},{&quot;id&quot;:2238,&quot;url&quot;:&quot;https:\\\/\\\/cpgroup.pt\\\/wp-content\\\/uploads\\\/2024\\\/11\\\/WhatsApp-Image-2024-11-05-at-00.06.20-5.jpeg&quot;},{&quot;id&quot;:2243,&quot;url&quot;:&quot;https:\\\/\\\/cpgroup.pt\\\/wp-content\\\/uploads\\\/2024\\\/11\\\/WhatsApp-Image-2024-11-05-at-00.06.20.jpeg&quot;},{&quot;id&quot;:2242,&quot;url&quot;:&quot;https:\\\/\\\/cpgroup.pt\\\/wp-content\\\/uploads\\\/2024\\\/11\\\/WhatsApp-Image-2024-11-05-at-00.06.20-1.jpeg&quot;},{&quot;id&quot;:2236,&quot;url&quot;:&quot;https:\\\/\\\/cpgroup.pt\\\/wp-content\\\/uploads\\\/2024\\\/11\\\/WhatsApp-Image-2024-11-05-at-00.06.19.jpeg&quot;}],&quot;background_slideshow_slide_duration&quot;:100,&quot;background_slideshow_transition_duration&quot;:2000,&quot;background_slideshow_loop&quot;:&quot;yes&quot;,&quot;background_slideshow_slide_transition&quot;:&quot;fade&quot;}\">\n\t\t\t\t\t\t\t<div class=\"elementor-background-overlay\"><\/div>\n\t\t\t\t\t\t\t<div class=\"elementor-container elementor-column-gap-no\">\n\t\t\t\t\t<div class=\"elementor-column elementor-col-100 elementor-top-column elementor-element elementor-element-66a2fec elementor-invisible\" data-id=\"66a2fec\" data-element_type=\"column\" data-settings=\"{&quot;animation&quot;:&quot;fadeInUp&quot;}\">\n\t\t\t<div class=\"elementor-widget-wrap elementor-element-populated\">\n\t\t\t\t\t\t<div class=\"elementor-element elementor-element-54c33135 elementor-widget elementor-widget-heading\" data-id=\"54c33135\" data-element_type=\"widget\" data-widget_type=\"heading.default\">\n\t\t\t\t<div class=\"elementor-widget-container\">\n\t\t\t\t\t<h1 class=\"elementor-heading-title elementor-size-default\"><b>We have developed successful partnerships <\/b><\/h1>\t\t\t\t<\/div>\n\t\t\t\t<\/div>\n\t\t\t\t<div class=\"elementor-element elementor-element-50de2c82 elementor-widget elementor-widget-heading\" data-id=\"50de2c82\" data-element_type=\"widget\" data-widget_type=\"heading.default\">\n\t\t\t\t<div class=\"elementor-widget-container\">\n\t\t\t\t\t<p class=\"elementor-heading-title elementor-size-default\">With the goal of driving the growth of the business.<\/p>\t\t\t\t<\/div>\n\t\t\t\t<\/div>\n\t\t\t\t\t<\/div>\n\t\t<\/div>\n\t\t\t\t\t<\/div>\n\t\t<\/section>\n\t\t\t\t<section class=\"elementor-section elementor-top-section elementor-element elementor-element-9bb45af elementor-section-full_width elementor-section-content-middle version2 elementor-section-height-default elementor-section-height-default\" data-id=\"9bb45af\" data-element_type=\"section\" data-settings=\"{&quot;animation&quot;:&quot;none&quot;}\">\n\t\t\t\t\t\t<div class=\"elementor-container elementor-column-gap-no\">\n\t\t\t\t\t<div class=\"elementor-column elementor-col-100 elementor-top-column elementor-element elementor-element-57add6ec\" data-id=\"57add6ec\" data-element_type=\"column\" data-settings=\"{&quot;animation&quot;:&quot;none&quot;}\">\n\t\t\t<div class=\"elementor-widget-wrap elementor-element-populated\">\n\t\t\t\t\t\t<div class=\"elementor-element elementor-element-f4b023f elementor-invisible elementor-widget elementor-widget-heading\" data-id=\"f4b023f\" data-element_type=\"widget\" data-settings=\"{&quot;_animation&quot;:&quot;fadeIn&quot;}\" data-widget_type=\"heading.default\">\n\t\t\t\t<div class=\"elementor-widget-container\">\n\t\t\t\t\t<h1 class=\"elementor-heading-title elementor-size-large\"><b>Our team<\/b><\/h1>\t\t\t\t<\/div>\n\t\t\t\t<\/div>\n\t\t\t\t<div class=\"elementor-element elementor-element-f5c0925 elementor-invisible elementor-widget elementor-widget-heading\" data-id=\"f5c0925\" data-element_type=\"widget\" data-settings=\"{&quot;_animation&quot;:&quot;fadeIn&quot;}\" data-widget_type=\"heading.default\">\n\t\t\t\t<div class=\"elementor-widget-container\">\n\t\t\t\t\t<h1 class=\"elementor-heading-title elementor-size-large\">In the CP Group, we are committed to the development and success of our clients and partners. Headquartered in Sintra, portugal and is a presence on the national and international expansion, we offer integrated business to business, and in all the phases of the<\/h1>\t\t\t\t<\/div>\n\t\t\t\t<\/div>\n\t\t\t\t<section class=\"elementor-section elementor-inner-section elementor-element elementor-element-48152ff elementor-section-full_width elementor-section-height-default elementor-section-height-default\" data-id=\"48152ff\" data-element_type=\"section\">\n\t\t\t\t\t\t<div class=\"elementor-container elementor-column-gap-default\">\n\t\t\t\t\t<div class=\"elementor-column elementor-col-33 elementor-inner-column elementor-element elementor-element-9fc3ef8 elementor-invisible\" data-id=\"9fc3ef8\" data-element_type=\"column\" data-settings=\"{&quot;background_background&quot;:&quot;classic&quot;,&quot;animation&quot;:&quot;fadeIn&quot;}\">\n\t\t\t<div class=\"elementor-widget-wrap elementor-element-populated\">\n\t\t\t\t\t\t<div class=\"elementor-element elementor-element-42da90a elementor-widget elementor-widget-image\" data-id=\"42da90a\" data-element_type=\"widget\" data-widget_type=\"image.default\">\n\t\t\t\t<div class=\"elementor-widget-container\">\n\t\t\t\t\t\t\t\t\t\t\t\t\t\t\t\t<a href=\"https:\/\/cpgroup.pt\/en\/contabilidade\/\">\n\t\t\t\t\t\t\t<img fetchpriority=\"high\" decoding=\"async\" width=\"1600\" height=\"700\" src=\"https:\/\/cpgroup.pt\/wp-content\/uploads\/2025\/03\/WhatsApp-Image-2025-03-03-at-17.00.46-2-2.jpeg\" class=\"attachment-full size-full wp-image-2806\" alt=\"\" srcset=\"https:\/\/cpgroup.pt\/wp-content\/uploads\/2025\/03\/WhatsApp-Image-2025-03-03-at-17.00.46-2-2.jpeg 1600w, https:\/\/cpgroup.pt\/wp-content\/uploads\/2025\/03\/WhatsApp-Image-2025-03-03-at-17.00.46-2-2-300x131.jpeg 300w, https:\/\/cpgroup.pt\/wp-content\/uploads\/2025\/03\/WhatsApp-Image-2025-03-03-at-17.00.46-2-2-1024x448.jpeg 1024w, https:\/\/cpgroup.pt\/wp-content\/uploads\/2025\/03\/WhatsApp-Image-2025-03-03-at-17.00.46-2-2-768x336.jpeg 768w, https:\/\/cpgroup.pt\/wp-content\/uploads\/2025\/03\/WhatsApp-Image-2025-03-03-at-17.00.46-2-2-1536x672.jpeg 1536w\" sizes=\"(max-width: 1600px) 100vw, 1600px\" \/>\t\t\t\t\t\t\t\t<\/a>\n\t\t\t\t\t\t\t\t\t\t\t\t\t\t\t<\/div>\n\t\t\t\t<\/div>\n\t\t\t\t\t<\/div>\n\t\t<\/div>\n\t\t\t\t<div class=\"elementor-column elementor-col-33 elementor-inner-column elementor-element elementor-element-15a5293 elementor-invisible\" data-id=\"15a5293\" data-element_type=\"column\" data-settings=\"{&quot;background_background&quot;:&quot;classic&quot;,&quot;animation&quot;:&quot;fadeIn&quot;}\">\n\t\t\t<div class=\"elementor-widget-wrap elementor-element-populated\">\n\t\t\t\t\t\t<div class=\"elementor-element elementor-element-adc1b04 elementor-widget elementor-widget-image\" data-id=\"adc1b04\" data-element_type=\"widget\" data-widget_type=\"image.default\">\n\t\t\t\t<div class=\"elementor-widget-container\">\n\t\t\t\t\t\t\t\t\t\t\t\t\t\t\t\t<a href=\"https:\/\/cpgroup.pt\/en\/cp-realestate\/\">\n\t\t\t\t\t\t\t<img decoding=\"async\" width=\"1600\" height=\"700\" src=\"https:\/\/cpgroup.pt\/wp-content\/uploads\/2025\/03\/WhatsApp-Image-2025-03-03-at-17.00.46-3-2.jpeg\" class=\"attachment-full size-full wp-image-2807\" alt=\"\" srcset=\"https:\/\/cpgroup.pt\/wp-content\/uploads\/2025\/03\/WhatsApp-Image-2025-03-03-at-17.00.46-3-2.jpeg 1600w, https:\/\/cpgroup.pt\/wp-content\/uploads\/2025\/03\/WhatsApp-Image-2025-03-03-at-17.00.46-3-2-300x131.jpeg 300w, https:\/\/cpgroup.pt\/wp-content\/uploads\/2025\/03\/WhatsApp-Image-2025-03-03-at-17.00.46-3-2-1024x448.jpeg 1024w, https:\/\/cpgroup.pt\/wp-content\/uploads\/2025\/03\/WhatsApp-Image-2025-03-03-at-17.00.46-3-2-768x336.jpeg 768w, https:\/\/cpgroup.pt\/wp-content\/uploads\/2025\/03\/WhatsApp-Image-2025-03-03-at-17.00.46-3-2-1536x672.jpeg 1536w\" sizes=\"(max-width: 1600px) 100vw, 1600px\" \/>\t\t\t\t\t\t\t\t<\/a>\n\t\t\t\t\t\t\t\t\t\t\t\t\t\t\t<\/div>\n\t\t\t\t<\/div>\n\t\t\t\t\t<\/div>\n\t\t<\/div>\n\t\t\t\t<div class=\"elementor-column elementor-col-33 elementor-inner-column elementor-element elementor-element-81d813a elementor-invisible\" data-id=\"81d813a\" data-element_type=\"column\" data-settings=\"{&quot;background_background&quot;:&quot;classic&quot;,&quot;animation&quot;:&quot;fadeIn&quot;}\">\n\t\t\t<div class=\"elementor-widget-wrap elementor-element-populated\">\n\t\t\t\t\t\t<div class=\"elementor-element elementor-element-4303e51 elementor-widget elementor-widget-image\" data-id=\"4303e51\" data-element_type=\"widget\" data-widget_type=\"image.default\">\n\t\t\t\t<div class=\"elementor-widget-container\">\n\t\t\t\t\t\t\t\t\t\t\t\t\t\t\t\t<a href=\"https:\/\/cpgroup.pt\/en\/cp-automotive\/\">\n\t\t\t\t\t\t\t<img decoding=\"async\" width=\"1600\" height=\"700\" src=\"https:\/\/cpgroup.pt\/wp-content\/uploads\/2025\/03\/WhatsApp-Image-2025-03-03-at-17.00.46-5.jpeg\" class=\"attachment-full size-full wp-image-2808\" alt=\"\" srcset=\"https:\/\/cpgroup.pt\/wp-content\/uploads\/2025\/03\/WhatsApp-Image-2025-03-03-at-17.00.46-5.jpeg 1600w, https:\/\/cpgroup.pt\/wp-content\/uploads\/2025\/03\/WhatsApp-Image-2025-03-03-at-17.00.46-5-300x131.jpeg 300w, https:\/\/cpgroup.pt\/wp-content\/uploads\/2025\/03\/WhatsApp-Image-2025-03-03-at-17.00.46-5-1024x448.jpeg 1024w, https:\/\/cpgroup.pt\/wp-content\/uploads\/2025\/03\/WhatsApp-Image-2025-03-03-at-17.00.46-5-768x336.jpeg 768w, https:\/\/cpgroup.pt\/wp-content\/uploads\/2025\/03\/WhatsApp-Image-2025-03-03-at-17.00.46-5-1536x672.jpeg 1536w\" sizes=\"(max-width: 1600px) 100vw, 1600px\" \/>\t\t\t\t\t\t\t\t<\/a>\n\t\t\t\t\t\t\t\t\t\t\t\t\t\t\t<\/div>\n\t\t\t\t<\/div>\n\t\t\t\t\t<\/div>\n\t\t<\/div>\n\t\t\t\t\t<\/div>\n\t\t<\/section>\n\t\t\t\t<section class=\"elementor-section elementor-inner-section elementor-element elementor-element-a204f20 elementor-section-full_width elementor-section-height-default elementor-section-height-default\" data-id=\"a204f20\" data-element_type=\"section\">\n\t\t\t\t\t\t<div class=\"elementor-container elementor-column-gap-default\">\n\t\t\t\t\t<div class=\"elementor-column elementor-col-33 elementor-inner-column elementor-element elementor-element-61aab89 elementor-invisible\" data-id=\"61aab89\" data-element_type=\"column\" data-settings=\"{&quot;background_background&quot;:&quot;classic&quot;,&quot;animation&quot;:&quot;fadeIn&quot;}\">\n\t\t\t<div class=\"elementor-widget-wrap elementor-element-populated\">\n\t\t\t\t\t\t<div class=\"elementor-element elementor-element-ee41dbd elementor-widget elementor-widget-image\" data-id=\"ee41dbd\" data-element_type=\"widget\" data-widget_type=\"image.default\">\n\t\t\t\t<div class=\"elementor-widget-container\">\n\t\t\t\t\t\t\t\t\t\t\t\t\t\t\t\t<a href=\"https:\/\/cpgroup.pt\/en\/cp-logistics\/\">\n\t\t\t\t\t\t\t<img loading=\"lazy\" decoding=\"async\" width=\"1600\" height=\"700\" src=\"https:\/\/cpgroup.pt\/wp-content\/uploads\/2025\/03\/WhatsApp-Image-2025-03-03-at-17.00.46-1-2.jpeg\" class=\"attachment-full size-full wp-image-2805\" alt=\"\" srcset=\"https:\/\/cpgroup.pt\/wp-content\/uploads\/2025\/03\/WhatsApp-Image-2025-03-03-at-17.00.46-1-2.jpeg 1600w, https:\/\/cpgroup.pt\/wp-content\/uploads\/2025\/03\/WhatsApp-Image-2025-03-03-at-17.00.46-1-2-300x131.jpeg 300w, https:\/\/cpgroup.pt\/wp-content\/uploads\/2025\/03\/WhatsApp-Image-2025-03-03-at-17.00.46-1-2-1024x448.jpeg 1024w, https:\/\/cpgroup.pt\/wp-content\/uploads\/2025\/03\/WhatsApp-Image-2025-03-03-at-17.00.46-1-2-768x336.jpeg 768w, https:\/\/cpgroup.pt\/wp-content\/uploads\/2025\/03\/WhatsApp-Image-2025-03-03-at-17.00.46-1-2-1536x672.jpeg 1536w\" sizes=\"(max-width: 1600px) 100vw, 1600px\" \/>\t\t\t\t\t\t\t\t<\/a>\n\t\t\t\t\t\t\t\t\t\t\t\t\t\t\t<\/div>\n\t\t\t\t<\/div>\n\t\t\t\t\t<\/div>\n\t\t<\/div>\n\t\t\t\t<div class=\"elementor-column elementor-col-33 elementor-inner-column elementor-element elementor-element-46fd7dd elementor-invisible\" data-id=\"46fd7dd\" data-element_type=\"column\" data-settings=\"{&quot;background_background&quot;:&quot;classic&quot;,&quot;animation&quot;:&quot;fadeIn&quot;}\">\n\t\t\t<div class=\"elementor-widget-wrap elementor-element-populated\">\n\t\t\t\t\t\t<div class=\"elementor-element elementor-element-d30b3a6 elementor-widget elementor-widget-image\" data-id=\"d30b3a6\" data-element_type=\"widget\" data-widget_type=\"image.default\">\n\t\t\t\t<div class=\"elementor-widget-container\">\n\t\t\t\t\t\t\t\t\t\t\t\t\t\t\t\t<a href=\"https:\/\/cpgroup.pt\/en\/cp-investments\/\">\n\t\t\t\t\t\t\t<img loading=\"lazy\" decoding=\"async\" width=\"1600\" height=\"700\" src=\"https:\/\/cpgroup.pt\/wp-content\/uploads\/2025\/03\/WhatsApp-Image-2025-03-03-at-17.00.47-3.jpeg\" class=\"attachment-full size-full wp-image-2810\" alt=\"\" srcset=\"https:\/\/cpgroup.pt\/wp-content\/uploads\/2025\/03\/WhatsApp-Image-2025-03-03-at-17.00.47-3.jpeg 1600w, https:\/\/cpgroup.pt\/wp-content\/uploads\/2025\/03\/WhatsApp-Image-2025-03-03-at-17.00.47-3-300x131.jpeg 300w, https:\/\/cpgroup.pt\/wp-content\/uploads\/2025\/03\/WhatsApp-Image-2025-03-03-at-17.00.47-3-1024x448.jpeg 1024w, https:\/\/cpgroup.pt\/wp-content\/uploads\/2025\/03\/WhatsApp-Image-2025-03-03-at-17.00.47-3-768x336.jpeg 768w, https:\/\/cpgroup.pt\/wp-content\/uploads\/2025\/03\/WhatsApp-Image-2025-03-03-at-17.00.47-3-1536x672.jpeg 1536w\" sizes=\"(max-width: 1600px) 100vw, 1600px\" \/>\t\t\t\t\t\t\t\t<\/a>\n\t\t\t\t\t\t\t\t\t\t\t\t\t\t\t<\/div>\n\t\t\t\t<\/div>\n\t\t\t\t\t<\/div>\n\t\t<\/div>\n\t\t\t\t<div class=\"elementor-column elementor-col-33 elementor-inner-column elementor-element elementor-element-4c1b9bb elementor-invisible\" data-id=\"4c1b9bb\" data-element_type=\"column\" data-settings=\"{&quot;background_background&quot;:&quot;classic&quot;,&quot;animation&quot;:&quot;fadeIn&quot;}\">\n\t\t\t<div class=\"elementor-widget-wrap elementor-element-populated\">\n\t\t\t\t\t\t<div class=\"elementor-element elementor-element-60c01df elementor-widget elementor-widget-image\" data-id=\"60c01df\" data-element_type=\"widget\" data-widget_type=\"image.default\">\n\t\t\t\t<div class=\"elementor-widget-container\">\n\t\t\t\t\t\t\t\t\t\t\t\t\t\t\t\t<a href=\"https:\/\/cpgroup.pt\/en\/cp-people\/\">\n\t\t\t\t\t\t\t<img loading=\"lazy\" decoding=\"async\" width=\"1600\" height=\"700\" src=\"https:\/\/cpgroup.pt\/wp-content\/uploads\/2025\/03\/WhatsApp-Image-2025-03-03-at-17.00.47-1-2.jpeg\" class=\"attachment-full size-full wp-image-2809\" alt=\"\" srcset=\"https:\/\/cpgroup.pt\/wp-content\/uploads\/2025\/03\/WhatsApp-Image-2025-03-03-at-17.00.47-1-2.jpeg 1600w, https:\/\/cpgroup.pt\/wp-content\/uploads\/2025\/03\/WhatsApp-Image-2025-03-03-at-17.00.47-1-2-300x131.jpeg 300w, https:\/\/cpgroup.pt\/wp-content\/uploads\/2025\/03\/WhatsApp-Image-2025-03-03-at-17.00.47-1-2-1024x448.jpeg 1024w, https:\/\/cpgroup.pt\/wp-content\/uploads\/2025\/03\/WhatsApp-Image-2025-03-03-at-17.00.47-1-2-768x336.jpeg 768w, https:\/\/cpgroup.pt\/wp-content\/uploads\/2025\/03\/WhatsApp-Image-2025-03-03-at-17.00.47-1-2-1536x672.jpeg 1536w\" sizes=\"(max-width: 1600px) 100vw, 1600px\" \/>\t\t\t\t\t\t\t\t<\/a>\n\t\t\t\t\t\t\t\t\t\t\t\t\t\t\t<\/div>\n\t\t\t\t<\/div>\n\t\t\t\t\t<\/div>\n\t\t<\/div>\n\t\t\t\t\t<\/div>\n\t\t<\/section>\n\t\t\t\t\t<\/div>\n\t\t<\/div>\n\t\t\t\t\t<\/div>\n\t\t<\/section>\n\t\t\t\t<\/div>","protected":false},"excerpt":{"rendered":"<p>Desenvolvemos parcerias de sucesso Com o objetivo de impulsionar o seu crescimento empresarial. O nosso Grupo Na CP Group, comprometemo-nos com o desenvolvimento e o sucesso dos nossos clientes e parceiros. Com sede em Sintra e uma presen\u00e7a em expans\u00e3o nacional e internacional, oferecemos solu\u00e7\u00f5es empresariais integradas para neg\u00f3cios em todas as fases<\/p>","protected":false},"author":1,"featured_media":2236,"parent":0,"menu_order":0,"comment_status":"closed","ping_status":"closed","template":"elementor_header_footer","meta":{"footnotes":""},"class_list":["post-380","page","type-page","status-publish","has-post-thumbnail","hentry"],"yoast_head":"<!-- This site is optimized with the Yoast SEO plugin v24.5 - https:\/\/yoast.com\/wordpress\/plugins\/seo\/ -->\n<title>Consult Profit Group<\/title>\n<meta name=\"description\" content=\"Desenvolvemos parcerias de sucesso com o objetivo de impulsionar o seu crescimento empresarial.\" \/>\n<meta name=\"robots\" content=\"index, follow, max-snippet:-1, max-image-preview:large, max-video-preview:-1\" \/>\n<link rel=\"canonical\" href=\"https:\/\/cpgroup.pt\/en\/\" \/>\n<meta property=\"og:locale\" content=\"en_US\" \/>\n<meta property=\"og:type\" content=\"article\" \/>\n<meta property=\"og:title\" content=\"Consult Profit Group\" \/>\n<meta property=\"og:description\" content=\"Desenvolvemos parcerias de sucesso com o objetivo de impulsionar o seu crescimento empresarial.\" \/>\n<meta property=\"og:url\" content=\"https:\/\/cpgroup.pt\/en\/\" \/>\n<meta property=\"og:site_name\" content=\"Cp Group\" \/>\n<meta property=\"article:modified_time\" content=\"2025-03-03T17:08:23+00:00\" \/>\n<meta property=\"og:image\" content=\"https:\/\/cpgroup.pt\/wp-content\/uploads\/2024\/11\/WhatsApp-Image-2024-11-05-at-00.06.19.jpeg\" \/>\n\t<meta property=\"og:image:width\" content=\"1024\" \/>\n\t<meta property=\"og:image:height\" content=\"768\" \/>\n\t<meta property=\"og:image:type\" content=\"image\/jpeg\" \/>\n<meta name=\"twitter:card\" content=\"summary_large_image\" \/>\n<meta name=\"twitter:label1\" content=\"Est. reading time\" \/>\n\t<meta name=\"twitter:data1\" content=\"2 minutes\" \/>\n<script type=\"application\/ld+json\" class=\"yoast-schema-graph\">{\"@context\":\"https:\/\/schema.org\",\"@graph\":[{\"@type\":\"WebPage\",\"@id\":\"https:\/\/cpgroup.pt\/\",\"url\":\"https:\/\/cpgroup.pt\/\",\"name\":\"Consult Profit Group\",\"isPartOf\":{\"@id\":\"https:\/\/cpgroup.pt\/#website\"},\"primaryImageOfPage\":{\"@id\":\"https:\/\/cpgroup.pt\/#primaryimage\"},\"image\":{\"@id\":\"https:\/\/cpgroup.pt\/#primaryimage\"},\"thumbnailUrl\":\"https:\/\/cpgroup.pt\/wp-content\/uploads\/2024\/11\/WhatsApp-Image-2024-11-05-at-00.06.19.jpeg\",\"datePublished\":\"2023-07-09T16:02:16+00:00\",\"dateModified\":\"2025-03-03T17:08:23+00:00\",\"description\":\"Desenvolvemos parcerias de sucesso com o objetivo de impulsionar o seu crescimento empresarial.\",\"breadcrumb\":{\"@id\":\"https:\/\/cpgroup.pt\/#breadcrumb\"},\"inLanguage\":\"en-US\",\"potentialAction\":[{\"@type\":\"ReadAction\",\"target\":[\"https:\/\/cpgroup.pt\/\"]}]},{\"@type\":\"ImageObject\",\"inLanguage\":\"en-US\",\"@id\":\"https:\/\/cpgroup.pt\/#primaryimage\",\"url\":\"https:\/\/cpgroup.pt\/wp-content\/uploads\/2024\/11\/WhatsApp-Image-2024-11-05-at-00.06.19.jpeg\",\"contentUrl\":\"https:\/\/cpgroup.pt\/wp-content\/uploads\/2024\/11\/WhatsApp-Image-2024-11-05-at-00.06.19.jpeg\",\"width\":1024,\"height\":768},{\"@type\":\"BreadcrumbList\",\"@id\":\"https:\/\/cpgroup.pt\/#breadcrumb\",\"itemListElement\":[{\"@type\":\"ListItem\",\"position\":1,\"name\":\"In\u00edcio\",\"item\":\"https:\/\/cpgroup.pt\/\"},{\"@type\":\"ListItem\",\"position\":2,\"name\":\"In\u00edcio\"}]},{\"@type\":\"WebSite\",\"@id\":\"https:\/\/cpgroup.pt\/#website\",\"url\":\"https:\/\/cpgroup.pt\/\",\"name\":\"Cp Group\",\"description\":\"Cp Group\",\"potentialAction\":[{\"@type\":\"SearchAction\",\"target\":{\"@type\":\"EntryPoint\",\"urlTemplate\":\"https:\/\/cpgroup.pt\/?s={search_term_string}\"},\"query-input\":{\"@type\":\"PropertyValueSpecification\",\"valueRequired\":true,\"valueName\":\"search_term_string\"}}],\"inLanguage\":\"en-US\"}]}<\/script>\n<!-- \/ Yoast SEO plugin. -->","yoast_head_json":{"title":"Consult Profit Group","description":"Desenvolvemos parcerias de sucesso com o objetivo de impulsionar o seu crescimento empresarial.","robots":{"index":"index","follow":"follow","max-snippet":"max-snippet:-1","max-image-preview":"max-image-preview:large","max-video-preview":"max-video-preview:-1"},"canonical":"https:\/\/cpgroup.pt\/en\/","og_locale":"en_US","og_type":"article","og_title":"Consult Profit Group","og_description":"Desenvolvemos parcerias de sucesso com o objetivo de impulsionar o seu crescimento empresarial.","og_url":"https:\/\/cpgroup.pt\/en\/","og_site_name":"Cp Group","article_modified_time":"2025-03-03T17:08:23+00:00","og_image":[{"width":1024,"height":768,"url":"https:\/\/cpgroup.pt\/wp-content\/uploads\/2024\/11\/WhatsApp-Image-2024-11-05-at-00.06.19.jpeg","type":"image\/jpeg"}],"twitter_card":"summary_large_image","twitter_misc":{"Est. reading time":"2 minutes"},"schema":{"@context":"https:\/\/schema.org","@graph":[{"@type":"WebPage","@id":"https:\/\/cpgroup.pt\/","url":"https:\/\/cpgroup.pt\/","name":"Consult Profit Group","isPartOf":{"@id":"https:\/\/cpgroup.pt\/#website"},"primaryImageOfPage":{"@id":"https:\/\/cpgroup.pt\/#primaryimage"},"image":{"@id":"https:\/\/cpgroup.pt\/#primaryimage"},"thumbnailUrl":"https:\/\/cpgroup.pt\/wp-content\/uploads\/2024\/11\/WhatsApp-Image-2024-11-05-at-00.06.19.jpeg","datePublished":"2023-07-09T16:02:16+00:00","dateModified":"2025-03-03T17:08:23+00:00","description":"Desenvolvemos parcerias de sucesso com o objetivo de impulsionar o seu crescimento empresarial.","breadcrumb":{"@id":"https:\/\/cpgroup.pt\/#breadcrumb"},"inLanguage":"en-US","potentialAction":[{"@type":"ReadAction","target":["https:\/\/cpgroup.pt\/"]}]},{"@type":"ImageObject","inLanguage":"en-US","@id":"https:\/\/cpgroup.pt\/#primaryimage","url":"https:\/\/cpgroup.pt\/wp-content\/uploads\/2024\/11\/WhatsApp-Image-2024-11-05-at-00.06.19.jpeg","contentUrl":"https:\/\/cpgroup.pt\/wp-content\/uploads\/2024\/11\/WhatsApp-Image-2024-11-05-at-00.06.19.jpeg","width":1024,"height":768},{"@type":"BreadcrumbList","@id":"https:\/\/cpgroup.pt\/#breadcrumb","itemListElement":[{"@type":"ListItem","position":1,"name":"In\u00edcio","item":"https:\/\/cpgroup.pt\/"},{"@type":"ListItem","position":2,"name":"In\u00edcio"}]},{"@type":"WebSite","@id":"https:\/\/cpgroup.pt\/#website","url":"https:\/\/cpgroup.pt\/","name":"Cp Group","description":"Cp Group","potentialAction":[{"@type":"SearchAction","target":{"@type":"EntryPoint","urlTemplate":"https:\/\/cpgroup.pt\/?s={search_term_string}"},"query-input":{"@type":"PropertyValueSpecification","valueRequired":true,"valueName":"search_term_string"}}],"inLanguage":"en-US"}]}},"_links":{"self":[{"href":"https:\/\/cpgroup.pt\/en\/wp-json\/wp\/v2\/pages\/380","targetHints":{"allow":["GET"]}}],"collection":[{"href":"https:\/\/cpgroup.pt\/en\/wp-json\/wp\/v2\/pages"}],"about":[{"href":"https:\/\/cpgroup.pt\/en\/wp-json\/wp\/v2\/types\/page"}],"author":[{"embeddable":true,"href":"https:\/\/cpgroup.pt\/en\/wp-json\/wp\/v2\/users\/1"}],"replies":[{"embeddable":true,"href":"https:\/\/cpgroup.pt\/en\/wp-json\/wp\/v2\/comments?post=380"}],"version-history":[{"count":480,"href":"https:\/\/cpgroup.pt\/en\/wp-json\/wp\/v2\/pages\/380\/revisions"}],"predecessor-version":[{"id":2816,"href":"https:\/\/cpgroup.pt\/en\/wp-json\/wp\/v2\/pages\/380\/revisions\/2816"}],"wp:featuredmedia":[{"embeddable":true,"href":"https:\/\/cpgroup.pt\/en\/wp-json\/wp\/v2\/media\/2236"}],"wp:attachment":[{"href":"https:\/\/cpgroup.pt\/en\/wp-json\/wp\/v2\/media?parent=380"}],"curies":[{"name":"wp","href":"https:\/\/api.w.org\/{rel}","templated":true}]}}