{"id":366,"date":"2023-07-09T16:02:11","date_gmt":"2023-07-09T16:02:11","guid":{"rendered":"https:\/\/cpgroup.pt\/sobre-nos\/"},"modified":"2025-03-20T12:43:49","modified_gmt":"2025-03-20T12:43:49","slug":"sobre-nos","status":"publish","type":"page","link":"https:\/\/cpgroup.pt\/en\/sobre-nos\/","title":{"rendered":"About"},"content":{"rendered":"<div data-elementor-type=\"wp-page\" data-elementor-id=\"366\" class=\"elementor elementor-366\" data-elementor-post-type=\"page\">\n\t\t\t\t\t\t<section class=\"elementor-section elementor-top-section elementor-element elementor-element-54e909f6 elementor-section-stretched elementor-section-content-middle elementor-reverse-mobile elementor-section-boxed elementor-section-height-default elementor-section-height-default\" data-id=\"54e909f6\" data-element_type=\"section\" data-settings=\"{&quot;stretch_section&quot;:&quot;section-stretched&quot;,&quot;background_background&quot;:&quot;classic&quot;}\">\n\t\t\t\t\t\t<div class=\"elementor-container elementor-column-gap-default\">\n\t\t\t\t\t<div class=\"elementor-column elementor-col-50 elementor-top-column elementor-element elementor-element-2cb8f819\" data-id=\"2cb8f819\" data-element_type=\"column\">\n\t\t\t<div class=\"elementor-widget-wrap elementor-element-populated\">\n\t\t\t\t\t\t<div class=\"elementor-element elementor-element-f6caefa elementor-widget elementor-widget-heading\" data-id=\"f6caefa\" data-element_type=\"widget\" data-widget_type=\"heading.default\">\n\t\t\t\t<div class=\"elementor-widget-container\">\n\t\t\t\t\t<h1 class=\"elementor-heading-title elementor-size-default\"><i class=\"fas fa-square-full\"> <\/i>  CP GROUP<\/h1>\t\t\t\t<\/div>\n\t\t\t\t<\/div>\n\t\t\t\t<div class=\"elementor-element elementor-element-388ebe22 text_stroke elementor-absolute elementor-widget elementor-widget-heading\" data-id=\"388ebe22\" data-element_type=\"widget\" data-settings=\"{&quot;_position&quot;:&quot;absolute&quot;}\" data-widget_type=\"heading.default\">\n\t\t\t\t<div class=\"elementor-widget-container\">\n\t\t\t\t\t<h2 class=\"elementor-heading-title elementor-size-default\">DATE<\/h2>\t\t\t\t<\/div>\n\t\t\t\t<\/div>\n\t\t\t\t<div class=\"elementor-element elementor-element-64969e7 elementor-widget elementor-widget-heading\" data-id=\"64969e7\" data-element_type=\"widget\" data-widget_type=\"heading.default\">\n\t\t\t\t<div class=\"elementor-widget-container\">\n\t\t\t\t\t<h1 class=\"elementor-heading-title elementor-size-default\">Mission<\/h1>\t\t\t\t<\/div>\n\t\t\t\t<\/div>\n\t\t\t\t<div class=\"elementor-element elementor-element-39233425 elementor-widget elementor-widget-text-editor\" data-id=\"39233425\" data-element_type=\"widget\" data-widget_type=\"text-editor.default\">\n\t\t\t\t<div class=\"elementor-widget-container\">\n\t\t\t\t\t\t\t\t\tThe CONSULTPROFIT is a company specialized, since 2012, in the areas of accounting, finance, human resource management, and consulting services.\nIt operates in a responsible and qualified, and by promoting the sustainable evolution of the business of its customers.\t\t\t\t\t\t\t\t<\/div>\n\t\t\t\t<\/div>\n\t\t\t\t\t<\/div>\n\t\t<\/div>\n\t\t\t\t<div class=\"elementor-column elementor-col-50 elementor-top-column elementor-element elementor-element-6920ef95\" data-id=\"6920ef95\" data-element_type=\"column\" data-settings=\"{&quot;background_background&quot;:&quot;classic&quot;}\">\n\t\t\t<div class=\"elementor-widget-wrap elementor-element-populated\">\n\t\t\t\t\t<div class=\"elementor-background-overlay\"><\/div>\n\t\t\t\t\t\t<div class=\"elementor-element elementor-element-22cfdebe text_stroke elementor-absolute elementor-widget elementor-widget-heading\" data-id=\"22cfdebe\" data-element_type=\"widget\" data-settings=\"{&quot;_position&quot;:&quot;absolute&quot;}\" data-widget_type=\"heading.default\">\n\t\t\t\t<div class=\"elementor-widget-container\">\n\t\t\t\t\t<h2 class=\"elementor-heading-title elementor-size-default\">DATE<\/h2>\t\t\t\t<\/div>\n\t\t\t\t<\/div>\n\t\t\t\t<div class=\"elementor-element elementor-element-ed944e5 elementor-widget elementor-widget-image\" data-id=\"ed944e5\" data-element_type=\"widget\" data-widget_type=\"image.default\">\n\t\t\t\t<div class=\"elementor-widget-container\">\n\t\t\t\t\t\t\t\t\t\t\t\t\t\t\t<img fetchpriority=\"high\" decoding=\"async\" width=\"800\" height=\"600\" src=\"https:\/\/cpgroup.pt\/wp-content\/uploads\/2024\/11\/WhatsApp-Image-2024-11-05-at-00.06.19.jpeg\" class=\"attachment-large size-large wp-image-2236\" alt=\"\" srcset=\"https:\/\/cpgroup.pt\/wp-content\/uploads\/2024\/11\/WhatsApp-Image-2024-11-05-at-00.06.19.jpeg 1024w, https:\/\/cpgroup.pt\/wp-content\/uploads\/2024\/11\/WhatsApp-Image-2024-11-05-at-00.06.19-300x225.jpeg 300w, https:\/\/cpgroup.pt\/wp-content\/uploads\/2024\/11\/WhatsApp-Image-2024-11-05-at-00.06.19-768x576.jpeg 768w\" sizes=\"(max-width: 800px) 100vw, 800px\" \/>\t\t\t\t\t\t\t\t\t\t\t\t\t\t\t<\/div>\n\t\t\t\t<\/div>\n\t\t\t\t\t<\/div>\n\t\t<\/div>\n\t\t\t\t\t<\/div>\n\t\t<\/section>\n\t\t\t\t<section class=\"elementor-section elementor-top-section elementor-element elementor-element-9d3c337 elementor-section-boxed elementor-section-height-default elementor-section-height-default\" data-id=\"9d3c337\" data-element_type=\"section\" data-settings=\"{&quot;background_background&quot;:&quot;classic&quot;}\">\n\t\t\t\t\t\t<div class=\"elementor-container elementor-column-gap-no\">\n\t\t\t\t\t<div class=\"elementor-column elementor-col-50 elementor-top-column elementor-element elementor-element-e4871a9 elementor-invisible\" data-id=\"e4871a9\" data-element_type=\"column\" data-settings=\"{&quot;background_background&quot;:&quot;classic&quot;,&quot;animation&quot;:&quot;fadeInRight&quot;}\">\n\t\t\t<div class=\"elementor-widget-wrap elementor-element-populated\">\n\t\t\t\t\t\t<div class=\"elementor-element elementor-element-fc8a510 elementor-widget elementor-widget-image\" data-id=\"fc8a510\" data-element_type=\"widget\" data-widget_type=\"image.default\">\n\t\t\t\t<div class=\"elementor-widget-container\">\n\t\t\t\t\t\t\t\t\t\t\t\t\t\t\t<img decoding=\"async\" width=\"1000\" height=\"1500\" src=\"https:\/\/cpgroup.pt\/wp-content\/uploads\/2024\/11\/140655.jpg\" class=\"attachment-full size-full wp-image-2484\" alt=\"\" srcset=\"https:\/\/cpgroup.pt\/wp-content\/uploads\/2024\/11\/140655.jpg 1000w, https:\/\/cpgroup.pt\/wp-content\/uploads\/2024\/11\/140655-200x300.jpg 200w, https:\/\/cpgroup.pt\/wp-content\/uploads\/2024\/11\/140655-683x1024.jpg 683w, https:\/\/cpgroup.pt\/wp-content\/uploads\/2024\/11\/140655-768x1152.jpg 768w\" sizes=\"(max-width: 1000px) 100vw, 1000px\" \/>\t\t\t\t\t\t\t\t\t\t\t\t\t\t\t<\/div>\n\t\t\t\t<\/div>\n\t\t\t\t\t<\/div>\n\t\t<\/div>\n\t\t\t\t<div class=\"elementor-column elementor-col-50 elementor-top-column elementor-element elementor-element-cbd035a elementor-invisible\" data-id=\"cbd035a\" data-element_type=\"column\" data-settings=\"{&quot;background_background&quot;:&quot;classic&quot;,&quot;animation&quot;:&quot;fadeInRight&quot;}\">\n\t\t\t<div class=\"elementor-widget-wrap elementor-element-populated\">\n\t\t\t\t\t\t<div class=\"elementor-element elementor-element-b615030 elementor-widget elementor-widget-heading\" data-id=\"b615030\" data-element_type=\"widget\" data-widget_type=\"heading.default\">\n\t\t\t\t<div class=\"elementor-widget-container\">\n\t\t\t\t\t<h1 class=\"elementor-heading-title elementor-size-default\"><i class=\"fas fa-square-full\"> <\/i>  CP GROUP<\/h1>\t\t\t\t<\/div>\n\t\t\t\t<\/div>\n\t\t\t\t<div class=\"elementor-element elementor-element-248ffcb elementor-widget elementor-widget-heading\" data-id=\"248ffcb\" data-element_type=\"widget\" data-widget_type=\"heading.default\">\n\t\t\t\t<div class=\"elementor-widget-container\">\n\t\t\t\t\t<h1 class=\"elementor-heading-title elementor-size-default\">Overview<\/h1>\t\t\t\t<\/div>\n\t\t\t\t<\/div>\n\t\t\t\t<div class=\"elementor-element elementor-element-d9e67c9 elementor-widget elementor-widget-text-editor\" data-id=\"d9e67c9\" data-element_type=\"widget\" data-widget_type=\"text-editor.default\">\n\t\t\t\t<div class=\"elementor-widget-container\">\n\t\t\t\t\t\t\t\t\t<p>The CONSULTPROFIT aims to be a leading company in its sector of activity, providing you with a service that is responsible and accurate with an ethical sense, which is to meet the needs and expectations of each and every one of their customers.<br \/><br \/>Aims to promote responsible business, and with a path to more sustainable, and the best performance by a team of skilled technicians and experts, including accountants and certified consultants and experts, always looking for on-going training, and the improvement of the processes in the human and the technological.<\/p>\t\t\t\t\t\t\t\t<\/div>\n\t\t\t\t<\/div>\n\t\t\t\t<div class=\"elementor-element elementor-element-1c683a9 elementor-widget elementor-widget-heading\" data-id=\"1c683a9\" data-element_type=\"widget\" data-widget_type=\"heading.default\">\n\t\t\t\t<div class=\"elementor-widget-container\">\n\t\t\t\t\t<h1 class=\"elementor-heading-title elementor-size-default\">Values<\/h1>\t\t\t\t<\/div>\n\t\t\t\t<\/div>\n\t\t\t\t<div class=\"elementor-element elementor-element-8653a21 elementor-widget elementor-widget-text-editor\" data-id=\"8653a21\" data-element_type=\"widget\" data-widget_type=\"text-editor.default\">\n\t\t\t\t<div class=\"elementor-widget-container\">\n\t\t\t\t\t\t\t\t\t<ul class=\"ul1\"><li class=\"li1\">Ethics<\/li><li class=\"li1\">Accuracy<\/li><li class=\"li1\">Experience<\/li><li class=\"li1\">Innovation<\/li><li class=\"li1\">Flexibility<\/li><li class=\"li1\">Sustainability<\/li><\/ul>\t\t\t\t\t\t\t\t<\/div>\n\t\t\t\t<\/div>\n\t\t\t\t\t<\/div>\n\t\t<\/div>\n\t\t\t\t\t<\/div>\n\t\t<\/section>\n\t\t\t\t<section class=\"elementor-section elementor-top-section elementor-element elementor-element-7fe3f6c elementor-section-boxed elementor-section-height-default elementor-section-height-default\" data-id=\"7fe3f6c\" data-element_type=\"section\" data-settings=\"{&quot;background_background&quot;:&quot;classic&quot;}\">\n\t\t\t\t\t\t<div class=\"elementor-container elementor-column-gap-no\">\n\t\t\t\t\t<div class=\"elementor-column elementor-col-50 elementor-top-column elementor-element elementor-element-f452945 elementor-invisible\" data-id=\"f452945\" data-element_type=\"column\" data-settings=\"{&quot;animation&quot;:&quot;fadeInRight&quot;}\">\n\t\t\t<div class=\"elementor-widget-wrap elementor-element-populated\">\n\t\t\t\t\t\t<div class=\"elementor-element elementor-element-fa3828e elementor-widget elementor-widget-image\" data-id=\"fa3828e\" data-element_type=\"widget\" data-widget_type=\"image.default\">\n\t\t\t\t<div class=\"elementor-widget-container\">\n\t\t\t\t\t\t\t\t\t\t\t\t\t\t\t<img decoding=\"async\" width=\"1500\" height=\"1001\" src=\"https:\/\/cpgroup.pt\/wp-content\/uploads\/2024\/11\/184.jpg\" class=\"attachment-full size-full wp-image-2486\" alt=\"\" srcset=\"https:\/\/cpgroup.pt\/wp-content\/uploads\/2024\/11\/184.jpg 1500w, https:\/\/cpgroup.pt\/wp-content\/uploads\/2024\/11\/184-300x200.jpg 300w, https:\/\/cpgroup.pt\/wp-content\/uploads\/2024\/11\/184-1024x683.jpg 1024w, https:\/\/cpgroup.pt\/wp-content\/uploads\/2024\/11\/184-768x513.jpg 768w\" sizes=\"(max-width: 1500px) 100vw, 1500px\" \/>\t\t\t\t\t\t\t\t\t\t\t\t\t\t\t<\/div>\n\t\t\t\t<\/div>\n\t\t\t\t\t<\/div>\n\t\t<\/div>\n\t\t\t\t<div class=\"elementor-column elementor-col-50 elementor-top-column elementor-element elementor-element-c3de1d9 elementor-invisible\" data-id=\"c3de1d9\" data-element_type=\"column\" data-settings=\"{&quot;animation&quot;:&quot;fadeInRight&quot;}\">\n\t\t\t<div class=\"elementor-widget-wrap elementor-element-populated\">\n\t\t\t\t\t\t<div class=\"elementor-element elementor-element-93616d5 elementor-widget elementor-widget-heading\" data-id=\"93616d5\" data-element_type=\"widget\" data-widget_type=\"heading.default\">\n\t\t\t\t<div class=\"elementor-widget-container\">\n\t\t\t\t\t<h1 class=\"elementor-heading-title elementor-size-default\"><i class=\"fas fa-square-full\"> <\/i>  Certifications \n<\/h1>\t\t\t\t<\/div>\n\t\t\t\t<\/div>\n\t\t\t\t<div class=\"elementor-element elementor-element-eede373 elementor-widget elementor-widget-text-editor\" data-id=\"eede373\" data-element_type=\"widget\" data-widget_type=\"text-editor.default\">\n\t\t\t\t<div class=\"elementor-widget-container\">\n\t\t\t\t\t\t\t\t\t<ul>\n        <li>2024 \u2013 the Top 5% Of the Best SMES in the Uk (Score)<\/li>\n        <li>2023 \u2013 the Top 5% Of the Best SMES in the Uk (Score)<\/li>\n        <li>2023 \u2013 the Opening of an Office in the Port<\/li>\n        <li>2022 \u2013 the Top 5% Of the Best SMES in the Uk (Score)<\/li>\n        <li>2012 \u2013 the CONSULTPROFIT, Lda.<\/li>\n    <\/ul>\t\t\t\t\t\t\t\t<\/div>\n\t\t\t\t<\/div>\n\t\t\t\t\t<\/div>\n\t\t<\/div>\n\t\t\t\t\t<\/div>\n\t\t<\/section>\n\t\t\t\t<\/div>","protected":false},"excerpt":{"rendered":"<p>CP GROUP DATA Miss\u00e3o A CONSULTPROFIT \u00e9 uma empresa especializada, desde 2012, nas \u00e1reas da contabilidade, fiscalidade, gest\u00e3o de recursos humanos e consultoria. Desenvolve a sua atividade de forma respons\u00e1vel e profissionalizada, promovendo a evolu\u00e7\u00e3o sustent\u00e1vel do neg\u00f3cio dos seus clientes. DATA CP GROUP Vis\u00e3o A CONSULTPROFIT tem como objetivo ser uma empresa de refer\u00eancia [&hellip;]<\/p>","protected":false},"author":1,"featured_media":0,"parent":0,"menu_order":0,"comment_status":"closed","ping_status":"closed","template":"elementor_header_footer","meta":{"footnotes":""},"class_list":["post-366","page","type-page","status-publish","hentry"],"yoast_head":"<!-- This site is optimized with the Yoast SEO plugin v24.5 - https:\/\/yoast.com\/wordpress\/plugins\/seo\/ -->\n<title>Sobre - Cp Group<\/title>\n<meta name=\"robots\" content=\"index, follow, max-snippet:-1, max-image-preview:large, max-video-preview:-1\" \/>\n<link rel=\"canonical\" href=\"https:\/\/cpgroup.pt\/en\/sobre-nos\/\" \/>\n<meta property=\"og:locale\" content=\"en_US\" \/>\n<meta property=\"og:type\" content=\"article\" \/>\n<meta property=\"og:title\" content=\"Sobre - Cp Group\" \/>\n<meta property=\"og:description\" content=\"CP GROUP DATA Miss\u00e3o A CONSULTPROFIT \u00e9 uma empresa especializada, desde 2012, nas \u00e1reas da contabilidade, fiscalidade, gest\u00e3o de recursos humanos e consultoria. Desenvolve a sua atividade de forma respons\u00e1vel e profissionalizada, promovendo a evolu\u00e7\u00e3o sustent\u00e1vel do neg\u00f3cio dos seus clientes. DATA CP GROUP Vis\u00e3o A CONSULTPROFIT tem como objetivo ser uma empresa de refer\u00eancia [&hellip;]\" \/>\n<meta property=\"og:url\" content=\"https:\/\/cpgroup.pt\/en\/sobre-nos\/\" \/>\n<meta property=\"og:site_name\" content=\"Cp Group\" \/>\n<meta property=\"article:modified_time\" content=\"2025-03-20T12:43:49+00:00\" \/>\n<meta property=\"og:image\" content=\"https:\/\/cpgroup.pt\/wp-content\/uploads\/2024\/11\/WhatsApp-Image-2024-11-05-at-00.06.19.jpeg\" \/>\n\t<meta property=\"og:image:width\" content=\"1024\" \/>\n\t<meta property=\"og:image:height\" content=\"768\" \/>\n\t<meta property=\"og:image:type\" content=\"image\/jpeg\" \/>\n<meta name=\"twitter:card\" content=\"summary_large_image\" \/>\n<meta name=\"twitter:label1\" content=\"Est. reading time\" \/>\n\t<meta name=\"twitter:data1\" content=\"2 minutes\" \/>\n<script type=\"application\/ld+json\" class=\"yoast-schema-graph\">{\"@context\":\"https:\/\/schema.org\",\"@graph\":[{\"@type\":\"WebPage\",\"@id\":\"https:\/\/cpgroup.pt\/sobre-nos\/\",\"url\":\"https:\/\/cpgroup.pt\/sobre-nos\/\",\"name\":\"Sobre - Cp Group\",\"isPartOf\":{\"@id\":\"https:\/\/cpgroup.pt\/#website\"},\"primaryImageOfPage\":{\"@id\":\"https:\/\/cpgroup.pt\/sobre-nos\/#primaryimage\"},\"image\":{\"@id\":\"https:\/\/cpgroup.pt\/sobre-nos\/#primaryimage\"},\"thumbnailUrl\":\"https:\/\/cpgroup.pt\/wp-content\/uploads\/2024\/11\/WhatsApp-Image-2024-11-05-at-00.06.19.jpeg\",\"datePublished\":\"2023-07-09T16:02:11+00:00\",\"dateModified\":\"2025-03-20T12:43:49+00:00\",\"breadcrumb\":{\"@id\":\"https:\/\/cpgroup.pt\/sobre-nos\/#breadcrumb\"},\"inLanguage\":\"en-US\",\"potentialAction\":[{\"@type\":\"ReadAction\",\"target\":[\"https:\/\/cpgroup.pt\/sobre-nos\/\"]}]},{\"@type\":\"ImageObject\",\"inLanguage\":\"en-US\",\"@id\":\"https:\/\/cpgroup.pt\/sobre-nos\/#primaryimage\",\"url\":\"https:\/\/cpgroup.pt\/wp-content\/uploads\/2024\/11\/WhatsApp-Image-2024-11-05-at-00.06.19.jpeg\",\"contentUrl\":\"https:\/\/cpgroup.pt\/wp-content\/uploads\/2024\/11\/WhatsApp-Image-2024-11-05-at-00.06.19.jpeg\"},{\"@type\":\"BreadcrumbList\",\"@id\":\"https:\/\/cpgroup.pt\/sobre-nos\/#breadcrumb\",\"itemListElement\":[{\"@type\":\"ListItem\",\"position\":1,\"name\":\"In\u00edcio\",\"item\":\"https:\/\/cpgroup.pt\/\"},{\"@type\":\"ListItem\",\"position\":2,\"name\":\"Sobre\"}]},{\"@type\":\"WebSite\",\"@id\":\"https:\/\/cpgroup.pt\/#website\",\"url\":\"https:\/\/cpgroup.pt\/\",\"name\":\"Cp Group\",\"description\":\"Cp Group\",\"potentialAction\":[{\"@type\":\"SearchAction\",\"target\":{\"@type\":\"EntryPoint\",\"urlTemplate\":\"https:\/\/cpgroup.pt\/?s={search_term_string}\"},\"query-input\":{\"@type\":\"PropertyValueSpecification\",\"valueRequired\":true,\"valueName\":\"search_term_string\"}}],\"inLanguage\":\"en-US\"}]}<\/script>\n<!-- \/ Yoast SEO plugin. -->","yoast_head_json":{"title":"Sobre - Cp Group","robots":{"index":"index","follow":"follow","max-snippet":"max-snippet:-1","max-image-preview":"max-image-preview:large","max-video-preview":"max-video-preview:-1"},"canonical":"https:\/\/cpgroup.pt\/en\/sobre-nos\/","og_locale":"en_US","og_type":"article","og_title":"Sobre - Cp Group","og_description":"CP GROUP DATA Miss\u00e3o A CONSULTPROFIT \u00e9 uma empresa especializada, desde 2012, nas \u00e1reas da contabilidade, fiscalidade, gest\u00e3o de recursos humanos e consultoria. Desenvolve a sua atividade de forma respons\u00e1vel e profissionalizada, promovendo a evolu\u00e7\u00e3o sustent\u00e1vel do neg\u00f3cio dos seus clientes. DATA CP GROUP Vis\u00e3o A CONSULTPROFIT tem como objetivo ser uma empresa de refer\u00eancia [&hellip;]","og_url":"https:\/\/cpgroup.pt\/en\/sobre-nos\/","og_site_name":"Cp Group","article_modified_time":"2025-03-20T12:43:49+00:00","og_image":[{"width":1024,"height":768,"url":"https:\/\/cpgroup.pt\/wp-content\/uploads\/2024\/11\/WhatsApp-Image-2024-11-05-at-00.06.19.jpeg","type":"image\/jpeg"}],"twitter_card":"summary_large_image","twitter_misc":{"Est. reading time":"2 minutes"},"schema":{"@context":"https:\/\/schema.org","@graph":[{"@type":"WebPage","@id":"https:\/\/cpgroup.pt\/sobre-nos\/","url":"https:\/\/cpgroup.pt\/sobre-nos\/","name":"Sobre - Cp Group","isPartOf":{"@id":"https:\/\/cpgroup.pt\/#website"},"primaryImageOfPage":{"@id":"https:\/\/cpgroup.pt\/sobre-nos\/#primaryimage"},"image":{"@id":"https:\/\/cpgroup.pt\/sobre-nos\/#primaryimage"},"thumbnailUrl":"https:\/\/cpgroup.pt\/wp-content\/uploads\/2024\/11\/WhatsApp-Image-2024-11-05-at-00.06.19.jpeg","datePublished":"2023-07-09T16:02:11+00:00","dateModified":"2025-03-20T12:43:49+00:00","breadcrumb":{"@id":"https:\/\/cpgroup.pt\/sobre-nos\/#breadcrumb"},"inLanguage":"en-US","potentialAction":[{"@type":"ReadAction","target":["https:\/\/cpgroup.pt\/sobre-nos\/"]}]},{"@type":"ImageObject","inLanguage":"en-US","@id":"https:\/\/cpgroup.pt\/sobre-nos\/#primaryimage","url":"https:\/\/cpgroup.pt\/wp-content\/uploads\/2024\/11\/WhatsApp-Image-2024-11-05-at-00.06.19.jpeg","contentUrl":"https:\/\/cpgroup.pt\/wp-content\/uploads\/2024\/11\/WhatsApp-Image-2024-11-05-at-00.06.19.jpeg"},{"@type":"BreadcrumbList","@id":"https:\/\/cpgroup.pt\/sobre-nos\/#breadcrumb","itemListElement":[{"@type":"ListItem","position":1,"name":"In\u00edcio","item":"https:\/\/cpgroup.pt\/"},{"@type":"ListItem","position":2,"name":"Sobre"}]},{"@type":"WebSite","@id":"https:\/\/cpgroup.pt\/#website","url":"https:\/\/cpgroup.pt\/","name":"Cp Group","description":"Cp Group","potentialAction":[{"@type":"SearchAction","target":{"@type":"EntryPoint","urlTemplate":"https:\/\/cpgroup.pt\/?s={search_term_string}"},"query-input":{"@type":"PropertyValueSpecification","valueRequired":true,"valueName":"search_term_string"}}],"inLanguage":"en-US"}]}},"_links":{"self":[{"href":"https:\/\/cpgroup.pt\/en\/wp-json\/wp\/v2\/pages\/366","targetHints":{"allow":["GET"]}}],"collection":[{"href":"https:\/\/cpgroup.pt\/en\/wp-json\/wp\/v2\/pages"}],"about":[{"href":"https:\/\/cpgroup.pt\/en\/wp-json\/wp\/v2\/types\/page"}],"author":[{"embeddable":true,"href":"https:\/\/cpgroup.pt\/en\/wp-json\/wp\/v2\/users\/1"}],"replies":[{"embeddable":true,"href":"https:\/\/cpgroup.pt\/en\/wp-json\/wp\/v2\/comments?post=366"}],"version-history":[{"count":119,"href":"https:\/\/cpgroup.pt\/en\/wp-json\/wp\/v2\/pages\/366\/revisions"}],"predecessor-version":[{"id":2828,"href":"https:\/\/cpgroup.pt\/en\/wp-json\/wp\/v2\/pages\/366\/revisions\/2828"}],"wp:attachment":[{"href":"https:\/\/cpgroup.pt\/en\/wp-json\/wp\/v2\/media?parent=366"}],"curies":[{"name":"wp","href":"https:\/\/api.w.org\/{rel}","templated":true}]}}