{"id":2406,"date":"2024-11-19T12:13:02","date_gmt":"2024-11-19T12:13:02","guid":{"rendered":"https:\/\/cpgroup.pt\/?page_id=2406"},"modified":"2024-12-26T12:38:04","modified_gmt":"2024-12-26T12:38:04","slug":"cp-automotive","status":"publish","type":"page","link":"https:\/\/cpgroup.pt\/en\/cp-automotive\/","title":{"rendered":"CP-AUTOMOTIVE"},"content":{"rendered":"<div data-elementor-type=\"wp-page\" data-elementor-id=\"2406\" class=\"elementor elementor-2406\" data-elementor-post-type=\"page\">\n\t\t\t\t\t\t<section class=\"elementor-section elementor-top-section elementor-element elementor-element-374290a0 elementor-section-boxed elementor-section-height-default elementor-section-height-default\" data-id=\"374290a0\" data-element_type=\"section\" data-settings=\"{&quot;background_background&quot;:&quot;classic&quot;}\">\n\t\t\t\t\t\t\t<div class=\"elementor-background-overlay\"><\/div>\n\t\t\t\t\t\t\t<div class=\"elementor-container elementor-column-gap-no\">\n\t\t\t\t\t<div class=\"elementor-column elementor-col-66 elementor-top-column elementor-element elementor-element-56281242 elementor-invisible\" data-id=\"56281242\" data-element_type=\"column\" data-settings=\"{&quot;animation&quot;:&quot;fadeInUp&quot;}\">\n\t\t\t<div class=\"elementor-widget-wrap elementor-element-populated\">\n\t\t\t\t\t\t<div class=\"elementor-element elementor-element-17f2796d elementor-widget elementor-widget-heading\" data-id=\"17f2796d\" data-element_type=\"widget\" data-widget_type=\"heading.default\">\n\t\t\t\t<div class=\"elementor-widget-container\">\n\t\t\t\t\t<h1 class=\"elementor-heading-title elementor-size-default\">CP-AUTOMOTIVE<\/h1>\t\t\t\t<\/div>\n\t\t\t\t<\/div>\n\t\t\t\t<div class=\"elementor-element elementor-element-a95d065 elementor-mobile-align-center elementor-icon-list--layout-traditional elementor-list-item-link-full_width elementor-widget elementor-widget-icon-list\" data-id=\"a95d065\" data-element_type=\"widget\" data-widget_type=\"icon-list.default\">\n\t\t\t\t<div class=\"elementor-widget-container\">\n\t\t\t\t\t\t\t<ul class=\"elementor-icon-list-items\">\n\t\t\t\t\t\t\t<li class=\"elementor-icon-list-item\">\n\t\t\t\t\t\t\t\t\t\t<span class=\"elementor-icon-list-text\">Importa\u00e7\u00e3o e comercio autom\u00f3vel.<\/span>\n\t\t\t\t\t\t\t\t\t<\/li>\n\t\t\t\t\t\t<\/ul>\n\t\t\t\t\t\t<\/div>\n\t\t\t\t<\/div>\n\t\t\t\t\t<\/div>\n\t\t<\/div>\n\t\t\t\t<div class=\"elementor-column elementor-col-33 elementor-top-column elementor-element elementor-element-40973aae elementor-invisible\" data-id=\"40973aae\" data-element_type=\"column\" data-settings=\"{&quot;animation&quot;:&quot;fadeInUp&quot;,&quot;background_background&quot;:&quot;classic&quot;}\">\n\t\t\t<div class=\"elementor-widget-wrap elementor-element-populated\">\n\t\t\t\t\t\t<div class=\"elementor-element elementor-element-3fba743c elementor-widget elementor-widget-text-editor\" data-id=\"3fba743c\" data-element_type=\"widget\" data-widget_type=\"text-editor.default\">\n\t\t\t\t<div class=\"elementor-widget-container\">\n\t\t\t\t\t\t\t\t\t<p>Do you need advice?<br \/>To connect with no obligation!<\/p>\t\t\t\t\t\t\t\t<\/div>\n\t\t\t\t<\/div>\n\t\t\t\t<div class=\"elementor-element elementor-element-2fffe7db elementor-widget elementor-widget-text-editor\" data-id=\"2fffe7db\" data-element_type=\"widget\" data-widget_type=\"text-editor.default\">\n\t\t\t\t<div class=\"elementor-widget-container\">\n\t\t\t\t\t\t\t\t\t<p><strong>Please Let Us Know!<\/strong><\/p>\t\t\t\t\t\t\t\t<\/div>\n\t\t\t\t<\/div>\n\t\t\t\t<div class=\"elementor-element elementor-element-6b6fecf3 elementor-align-center cool_ctn elementor-widget elementor-widget-button\" data-id=\"6b6fecf3\" data-element_type=\"widget\" data-widget_type=\"button.default\">\n\t\t\t\t<div class=\"elementor-widget-container\">\n\t\t\t\t\t\t\t\t\t<div class=\"elementor-button-wrapper\">\n\t\t\t\t\t<a class=\"elementor-button elementor-button-link elementor-size-xl\" href=\"tel:211399821\">\n\t\t\t\t\t\t<span class=\"elementor-button-content-wrapper\">\n\t\t\t\t\t\t<span class=\"elementor-button-icon\">\n\t\t\t\t<i aria-hidden=\"true\" class=\"fas fa-phone\"><\/i>\t\t\t<\/span>\n\t\t\t\t\t\t\t\t\t<span class=\"elementor-button-text\">211399821<\/span>\n\t\t\t\t\t<\/span>\n\t\t\t\t\t<\/a>\n\t\t\t\t<\/div>\n\t\t\t\t\t\t\t\t<\/div>\n\t\t\t\t<\/div>\n\t\t\t\t\t<\/div>\n\t\t<\/div>\n\t\t\t\t\t<\/div>\n\t\t<\/section>\n\t\t\t\t<section class=\"elementor-section elementor-top-section elementor-element elementor-element-4906f40b elementor-section-boxed elementor-section-height-default elementor-section-height-default\" data-id=\"4906f40b\" data-element_type=\"section\" data-settings=\"{&quot;background_background&quot;:&quot;classic&quot;}\">\n\t\t\t\t\t\t<div class=\"elementor-container elementor-column-gap-no\">\n\t\t\t\t\t<div class=\"elementor-column elementor-col-50 elementor-top-column elementor-element elementor-element-697fc35d elementor-invisible\" data-id=\"697fc35d\" data-element_type=\"column\" data-settings=\"{&quot;background_background&quot;:&quot;classic&quot;,&quot;animation&quot;:&quot;fadeInRight&quot;}\">\n\t\t\t<div class=\"elementor-widget-wrap elementor-element-populated\">\n\t\t\t\t\t\t<div class=\"elementor-element elementor-element-162e1cd7 elementor-widget elementor-widget-image\" data-id=\"162e1cd7\" data-element_type=\"widget\" data-widget_type=\"image.default\">\n\t\t\t\t<div class=\"elementor-widget-container\">\n\t\t\t\t\t\t\t\t\t\t\t\t\t\t\t<img fetchpriority=\"high\" decoding=\"async\" width=\"800\" height=\"800\" src=\"https:\/\/cpgroup.pt\/wp-content\/uploads\/2024\/12\/quotfriendly-luxury-car-salesman-assisting-customerquot-scaled-1.jpg\" class=\"attachment-full size-full wp-image-2520\" alt=\"\" srcset=\"https:\/\/cpgroup.pt\/wp-content\/uploads\/2024\/12\/quotfriendly-luxury-car-salesman-assisting-customerquot-scaled-1.jpg 800w, https:\/\/cpgroup.pt\/wp-content\/uploads\/2024\/12\/quotfriendly-luxury-car-salesman-assisting-customerquot-scaled-1-300x300.jpg 300w, https:\/\/cpgroup.pt\/wp-content\/uploads\/2024\/12\/quotfriendly-luxury-car-salesman-assisting-customerquot-scaled-1-150x150.jpg 150w, https:\/\/cpgroup.pt\/wp-content\/uploads\/2024\/12\/quotfriendly-luxury-car-salesman-assisting-customerquot-scaled-1-768x768.jpg 768w\" sizes=\"(max-width: 800px) 100vw, 800px\" \/>\t\t\t\t\t\t\t\t\t\t\t\t\t\t\t<\/div>\n\t\t\t\t<\/div>\n\t\t\t\t\t<\/div>\n\t\t<\/div>\n\t\t\t\t<div class=\"elementor-column elementor-col-50 elementor-top-column elementor-element elementor-element-68d8fa94 elementor-invisible\" data-id=\"68d8fa94\" data-element_type=\"column\" data-settings=\"{&quot;background_background&quot;:&quot;classic&quot;,&quot;animation&quot;:&quot;fadeInRight&quot;}\">\n\t\t\t<div class=\"elementor-widget-wrap elementor-element-populated\">\n\t\t\t\t\t\t<div class=\"elementor-element elementor-element-9c7e081 elementor-widget elementor-widget-heading\" data-id=\"9c7e081\" data-element_type=\"widget\" data-widget_type=\"heading.default\">\n\t\t\t\t<div class=\"elementor-widget-container\">\n\t\t\t\t\t<h1 class=\"elementor-heading-title elementor-size-default\"><i class=\"fas fa-square-full\"> <\/i>  CP-AUTOMOTIVE<\/h1>\t\t\t\t<\/div>\n\t\t\t\t<\/div>\n\t\t\t\t<div class=\"elementor-element elementor-element-45e08dae elementor-widget elementor-widget-heading\" data-id=\"45e08dae\" data-element_type=\"widget\" data-widget_type=\"heading.default\">\n\t\t\t\t<div class=\"elementor-widget-container\">\n\t\t\t\t\t<h1 class=\"elementor-heading-title elementor-size-default\">Agilizamos o processo de importa\u00e7\u00e3o e com\u00e9rcio autom\u00f3vel.<\/h1>\t\t\t\t<\/div>\n\t\t\t\t<\/div>\n\t\t\t\t<div class=\"elementor-element elementor-element-3c63fe80 elementor-widget elementor-widget-text-editor\" data-id=\"3c63fe80\" data-element_type=\"widget\" data-widget_type=\"text-editor.default\">\n\t\t\t\t<div class=\"elementor-widget-container\">\n\t\t\t\t\t\t\t\t\t<p>Iniciou atividade em 2016 com a abertura de parques para venda ao publico. No entanto no per\u00edodo negro do COVID 19 foi rapidamente obrigada a alterar a sua forma de estar e presen\u00e7a no mercado.<br \/>Por este motivo foram encerrados os parques que detinhamos e foi iniciada uma linha de fornecimento de viaturas autom\u00f3vel (passageiros e comerciais) e motociclos para outros parques. Contanto hoje com v\u00e1rios clientes de v\u00e1rias dimens\u00f5es e necessidades.<br \/>Com isto iniciamos tamb\u00e9m a atividade de gest\u00e3o de frotas e media\u00e7\u00e3o de cr\u00e9dito autom\u00f3vel.<\/p>\t\t\t\t\t\t\t\t<\/div>\n\t\t\t\t<\/div>\n\t\t\t\t\t<\/div>\n\t\t<\/div>\n\t\t\t\t\t<\/div>\n\t\t<\/section>\n\t\t\t\t<\/div>","protected":false},"excerpt":{"rendered":"<p>CP AUTOMOTIVE Importa\u00e7\u00e3o e comercio autom\u00f3vel. Precisa de aconselhamento?Ligue sem compromisso! Fale Connosco! 211399821 CP AUTOMOTIVE Agilizamos o processo de importa\u00e7\u00e3o e com\u00e9rcio autom\u00f3vel. Iniciou atividade em 2016 com a abertura de parques para venda ao publico. No entanto no per\u00edodo negro do COVID 19 foi rapidamente obrigada a alterar a sua forma de estar [&hellip;]<\/p>","protected":false},"author":1,"featured_media":0,"parent":0,"menu_order":0,"comment_status":"closed","ping_status":"closed","template":"elementor_header_footer","meta":{"footnotes":""},"class_list":["post-2406","page","type-page","status-publish","hentry"],"yoast_head":"<!-- This site is optimized with the Yoast SEO plugin v24.5 - https:\/\/yoast.com\/wordpress\/plugins\/seo\/ -->\n<title>CP AUTOMOTIVE - Cp Group<\/title>\n<meta name=\"robots\" content=\"index, follow, max-snippet:-1, max-image-preview:large, max-video-preview:-1\" \/>\n<link rel=\"canonical\" href=\"https:\/\/cpgroup.pt\/en\/cp-automotive\/\" \/>\n<meta property=\"og:locale\" content=\"en_US\" \/>\n<meta property=\"og:type\" content=\"article\" \/>\n<meta property=\"og:title\" content=\"CP AUTOMOTIVE - Cp Group\" \/>\n<meta property=\"og:description\" content=\"CP AUTOMOTIVE Importa\u00e7\u00e3o e comercio autom\u00f3vel. Precisa de aconselhamento?Ligue sem compromisso! Fale Connosco! 211399821 CP AUTOMOTIVE Agilizamos o processo de importa\u00e7\u00e3o e com\u00e9rcio autom\u00f3vel. Iniciou atividade em 2016 com a abertura de parques para venda ao publico. No entanto no per\u00edodo negro do COVID 19 foi rapidamente obrigada a alterar a sua forma de estar [&hellip;]\" \/>\n<meta property=\"og:url\" content=\"https:\/\/cpgroup.pt\/en\/cp-automotive\/\" \/>\n<meta property=\"og:site_name\" content=\"Cp Group\" \/>\n<meta property=\"article:modified_time\" content=\"2024-12-26T12:38:04+00:00\" \/>\n<meta property=\"og:image\" content=\"https:\/\/cpgroup.pt\/wp-content\/uploads\/2024\/12\/quotfriendly-luxury-car-salesman-assisting-customerquot-scaled-1.jpg\" \/>\n\t<meta property=\"og:image:width\" content=\"800\" \/>\n\t<meta property=\"og:image:height\" content=\"800\" \/>\n\t<meta property=\"og:image:type\" content=\"image\/jpeg\" \/>\n<meta name=\"twitter:card\" content=\"summary_large_image\" \/>\n<meta name=\"twitter:label1\" content=\"Est. reading time\" \/>\n\t<meta name=\"twitter:data1\" content=\"1 minute\" \/>\n<script type=\"application\/ld+json\" class=\"yoast-schema-graph\">{\"@context\":\"https:\/\/schema.org\",\"@graph\":[{\"@type\":\"WebPage\",\"@id\":\"https:\/\/cpgroup.pt\/cp-automotive\/\",\"url\":\"https:\/\/cpgroup.pt\/cp-automotive\/\",\"name\":\"CP AUTOMOTIVE - Cp Group\",\"isPartOf\":{\"@id\":\"https:\/\/cpgroup.pt\/#website\"},\"primaryImageOfPage\":{\"@id\":\"https:\/\/cpgroup.pt\/cp-automotive\/#primaryimage\"},\"image\":{\"@id\":\"https:\/\/cpgroup.pt\/cp-automotive\/#primaryimage\"},\"thumbnailUrl\":\"https:\/\/cpgroup.pt\/wp-content\/uploads\/2024\/12\/quotfriendly-luxury-car-salesman-assisting-customerquot-scaled-1.jpg\",\"datePublished\":\"2024-11-19T12:13:02+00:00\",\"dateModified\":\"2024-12-26T12:38:04+00:00\",\"breadcrumb\":{\"@id\":\"https:\/\/cpgroup.pt\/cp-automotive\/#breadcrumb\"},\"inLanguage\":\"en-US\",\"potentialAction\":[{\"@type\":\"ReadAction\",\"target\":[\"https:\/\/cpgroup.pt\/cp-automotive\/\"]}]},{\"@type\":\"ImageObject\",\"inLanguage\":\"en-US\",\"@id\":\"https:\/\/cpgroup.pt\/cp-automotive\/#primaryimage\",\"url\":\"https:\/\/cpgroup.pt\/wp-content\/uploads\/2024\/12\/quotfriendly-luxury-car-salesman-assisting-customerquot-scaled-1.jpg\",\"contentUrl\":\"https:\/\/cpgroup.pt\/wp-content\/uploads\/2024\/12\/quotfriendly-luxury-car-salesman-assisting-customerquot-scaled-1.jpg\"},{\"@type\":\"BreadcrumbList\",\"@id\":\"https:\/\/cpgroup.pt\/cp-automotive\/#breadcrumb\",\"itemListElement\":[{\"@type\":\"ListItem\",\"position\":1,\"name\":\"In\u00edcio\",\"item\":\"https:\/\/cpgroup.pt\/\"},{\"@type\":\"ListItem\",\"position\":2,\"name\":\"CP AUTOMOTIVE\"}]},{\"@type\":\"WebSite\",\"@id\":\"https:\/\/cpgroup.pt\/#website\",\"url\":\"https:\/\/cpgroup.pt\/\",\"name\":\"Cp Group\",\"description\":\"Cp Group\",\"potentialAction\":[{\"@type\":\"SearchAction\",\"target\":{\"@type\":\"EntryPoint\",\"urlTemplate\":\"https:\/\/cpgroup.pt\/?s={search_term_string}\"},\"query-input\":{\"@type\":\"PropertyValueSpecification\",\"valueRequired\":true,\"valueName\":\"search_term_string\"}}],\"inLanguage\":\"en-US\"}]}<\/script>\n<!-- \/ Yoast SEO plugin. -->","yoast_head_json":{"title":"CP AUTOMOTIVE - Cp Group","robots":{"index":"index","follow":"follow","max-snippet":"max-snippet:-1","max-image-preview":"max-image-preview:large","max-video-preview":"max-video-preview:-1"},"canonical":"https:\/\/cpgroup.pt\/en\/cp-automotive\/","og_locale":"en_US","og_type":"article","og_title":"CP AUTOMOTIVE - Cp Group","og_description":"CP AUTOMOTIVE Importa\u00e7\u00e3o e comercio autom\u00f3vel. Precisa de aconselhamento?Ligue sem compromisso! Fale Connosco! 211399821 CP AUTOMOTIVE Agilizamos o processo de importa\u00e7\u00e3o e com\u00e9rcio autom\u00f3vel. Iniciou atividade em 2016 com a abertura de parques para venda ao publico. No entanto no per\u00edodo negro do COVID 19 foi rapidamente obrigada a alterar a sua forma de estar [&hellip;]","og_url":"https:\/\/cpgroup.pt\/en\/cp-automotive\/","og_site_name":"Cp Group","article_modified_time":"2024-12-26T12:38:04+00:00","og_image":[{"width":800,"height":800,"url":"https:\/\/cpgroup.pt\/wp-content\/uploads\/2024\/12\/quotfriendly-luxury-car-salesman-assisting-customerquot-scaled-1.jpg","type":"image\/jpeg"}],"twitter_card":"summary_large_image","twitter_misc":{"Est. reading time":"1 minute"},"schema":{"@context":"https:\/\/schema.org","@graph":[{"@type":"WebPage","@id":"https:\/\/cpgroup.pt\/cp-automotive\/","url":"https:\/\/cpgroup.pt\/cp-automotive\/","name":"CP AUTOMOTIVE - Cp Group","isPartOf":{"@id":"https:\/\/cpgroup.pt\/#website"},"primaryImageOfPage":{"@id":"https:\/\/cpgroup.pt\/cp-automotive\/#primaryimage"},"image":{"@id":"https:\/\/cpgroup.pt\/cp-automotive\/#primaryimage"},"thumbnailUrl":"https:\/\/cpgroup.pt\/wp-content\/uploads\/2024\/12\/quotfriendly-luxury-car-salesman-assisting-customerquot-scaled-1.jpg","datePublished":"2024-11-19T12:13:02+00:00","dateModified":"2024-12-26T12:38:04+00:00","breadcrumb":{"@id":"https:\/\/cpgroup.pt\/cp-automotive\/#breadcrumb"},"inLanguage":"en-US","potentialAction":[{"@type":"ReadAction","target":["https:\/\/cpgroup.pt\/cp-automotive\/"]}]},{"@type":"ImageObject","inLanguage":"en-US","@id":"https:\/\/cpgroup.pt\/cp-automotive\/#primaryimage","url":"https:\/\/cpgroup.pt\/wp-content\/uploads\/2024\/12\/quotfriendly-luxury-car-salesman-assisting-customerquot-scaled-1.jpg","contentUrl":"https:\/\/cpgroup.pt\/wp-content\/uploads\/2024\/12\/quotfriendly-luxury-car-salesman-assisting-customerquot-scaled-1.jpg"},{"@type":"BreadcrumbList","@id":"https:\/\/cpgroup.pt\/cp-automotive\/#breadcrumb","itemListElement":[{"@type":"ListItem","position":1,"name":"In\u00edcio","item":"https:\/\/cpgroup.pt\/"},{"@type":"ListItem","position":2,"name":"CP AUTOMOTIVE"}]},{"@type":"WebSite","@id":"https:\/\/cpgroup.pt\/#website","url":"https:\/\/cpgroup.pt\/","name":"Cp Group","description":"Cp Group","potentialAction":[{"@type":"SearchAction","target":{"@type":"EntryPoint","urlTemplate":"https:\/\/cpgroup.pt\/?s={search_term_string}"},"query-input":{"@type":"PropertyValueSpecification","valueRequired":true,"valueName":"search_term_string"}}],"inLanguage":"en-US"}]}},"_links":{"self":[{"href":"https:\/\/cpgroup.pt\/en\/wp-json\/wp\/v2\/pages\/2406","targetHints":{"allow":["GET"]}}],"collection":[{"href":"https:\/\/cpgroup.pt\/en\/wp-json\/wp\/v2\/pages"}],"about":[{"href":"https:\/\/cpgroup.pt\/en\/wp-json\/wp\/v2\/types\/page"}],"author":[{"embeddable":true,"href":"https:\/\/cpgroup.pt\/en\/wp-json\/wp\/v2\/users\/1"}],"replies":[{"embeddable":true,"href":"https:\/\/cpgroup.pt\/en\/wp-json\/wp\/v2\/comments?post=2406"}],"version-history":[{"count":13,"href":"https:\/\/cpgroup.pt\/en\/wp-json\/wp\/v2\/pages\/2406\/revisions"}],"predecessor-version":[{"id":2523,"href":"https:\/\/cpgroup.pt\/en\/wp-json\/wp\/v2\/pages\/2406\/revisions\/2523"}],"wp:attachment":[{"href":"https:\/\/cpgroup.pt\/en\/wp-json\/wp\/v2\/media?parent=2406"}],"curies":[{"name":"wp","href":"https:\/\/api.w.org\/{rel}","templated":true}]}}